{"id":718,"date":"2020-12-14T16:55:02","date_gmt":"2020-12-14T16:55:02","guid":{"rendered":"https:\/\/mbgoldvisaspain.com\/?page_id=718"},"modified":"2020-12-15T09:34:59","modified_gmt":"2020-12-15T09:34:59","slug":"politica-de-cookies","status":"publish","type":"page","link":"https:\/\/mbgoldvisaspain.com\/es\/politica-de-cookies\/","title":{"rendered":"Pol\u00edtica de cookies"},"content":{"rendered":"<p>[et_pb_section fb_built=\u00bb1&#8243; _builder_version=\u00bb4.6.6&#8243; _module_preset=\u00bbdefault\u00bb da_disable_devices=\u00bboff|off|off\u00bb da_is_popup=\u00bboff\u00bb da_exit_intent=\u00bboff\u00bb da_has_close=\u00bbon\u00bb da_alt_close=\u00bboff\u00bb da_dark_close=\u00bboff\u00bb da_not_modal=\u00bbon\u00bb da_is_singular=\u00bboff\u00bb da_with_loader=\u00bboff\u00bb da_has_shadow=\u00bbon\u00bb][et_pb_row _builder_version=\u00bb4.6.6&#8243; _module_preset=\u00bbdefault\u00bb][et_pb_column type=\u00bb4_4&#8243; _builder_version=\u00bb4.6.6&#8243; _module_preset=\u00bbdefault\u00bb][et_pb_text _builder_version=\u00bb4.6.6&#8243; _module_preset=\u00bbdefault\u00bb hover_enabled=\u00bb0&#8243; sticky_enabled=\u00bb0&#8243;]<\/p>\n<h2 id=\"privacidad\"><strong>Pol\u00edtica de Cookies<\/strong><\/h2>\n<p>[\/et_pb_text][et_pb_text _builder_version=\u00bb4.6.6&#8243; _module_preset=\u00bbdefault\u00bb]<\/p>\n<p>El objetivo de esta pol\u00edtica es informar a los interesados acerca de las cookies que emplea esta p\u00e1gina web de conformidad con lo establecido en la Ley 34\/2002, de 11 de julio, de Servicios de la Sociedad de la Informaci\u00f3n y de Comercio Electr\u00f3nico, y el Reglamento (UE) 2016\/679, del Parlamento Europeo y del Consejo, de 27 de abril de 2016, relativo a la protecci\u00f3n de las personas f\u00edsicas en lo que respecta al tratamiento de datos personales y a la libre circulaci\u00f3n de estos datos y por el que se deroga la Directiva 95\/46\/CE (Reglamento general de protecci\u00f3n de datos).<\/p>\n<p>Utilizamos cookies propias y de terceros para el an\u00e1lisis del tr\u00e1fico y visitas a la web, para activar un complemento que facilita las suscripciones a nuestro bolet\u00edn y para gestionar el consentimiento en materia de cookies.<\/p>\n<p>En caso de no estar conforme con lo anterior, puede rechazar el uso de las cookies, a excepci\u00f3n de la que gestiona el consentimiento para cookies, que es necesaria a estos efectos. Tambi\u00e9n puede revocar el consentimiento prestado de conformidad con lo indicado en este documento.<\/p>\n<h3>\u00bfQu\u00e9 son las cookies y para qu\u00e9 se utilizan?<\/h3>\n<p>Las cookies son ficheros o archivos que se descargan y almacenan en el ordenador\/smartphone\/tablet del usuario cuando \u00e9ste accede a determinadas p\u00e1ginas web. Las cookies permiten almacenar ciertos datos sobre el dispositivo del usuario, par\u00e1metros o configuraci\u00f3n del mismo o su navegador, as\u00ed como informaci\u00f3n sobre b\u00fasquedas y resto de navegaci\u00f3n.<\/p>\n<p>Estos datos podr\u00e1n ser actualizados y recuperados por el responsable de su instalaci\u00f3n con distintas finalidades, como por ejemplo, obtener informaci\u00f3n sobre los h\u00e1bitos de navegaci\u00f3n del usuario o de su equipo, ver qu\u00e9 p\u00e1ginas han sido visitadas, el tiempo de conexi\u00f3n, la localidad a la que est\u00e1 asignada la direcci\u00f3n IP desde la que se accede, el n\u00famero de nuevos usuarios, la frecuencia y reincidencia de las visitas, el tiempo de visita, el navegador o el operador o tipo de terminal desde el que se realiza la visita, analizar el funcionamiento de una p\u00e1gina, detectar problemas t\u00e9cnicos, etc. Asimismo, dependiendo de la informaci\u00f3n que contengan y la forma en que se utilice el terminal, pueden utilizarse para reconocer al Usuario.<\/p>\n<h3>\u00bfQu\u00e9 tipos de cookies existen?<\/h3>\n<p>Las cookies pueden clasificarse en varias categor\u00edas:<\/p>\n<p><strong>Seg\u00fan la entidad que la gestiona:<\/strong><\/p>\n<p>a. Cookies propias: Son aquellas que se env\u00edan a su equipo desde nuestros propios equipos o dominios y desde el que prestamos el servicio que nos solicita.<br \/> b. Cookies de terceros: Son aquellas que se env\u00edan a su equipo desde un equipo o dominio que no es gestionado por nosotros, sino por otra entidad colaboradora. Como, por ejemplo, las usadas por redes sociales o las de Google Analytics.<\/p>\n<p><strong>Seg\u00fan el plazo de tiempo que permanecen activadas:<\/strong><\/p>\n<p>a. Cookies de sesi\u00f3n: Son cookies temporales que permanecen en el archivo de cookies de su navegador hasta que abandona la p\u00e1gina web, momento en el que es eliminada.<br \/> b. Cookies persistentes: son almacenadas en el disco duro y nuestra web las lee cada vez que realiza una nueva visita. Una cookie permanente posee una fecha de expiraci\u00f3n determinada. La cookie dejar\u00e1 de funcionar despu\u00e9s de esa fecha.<\/p>\n<p><strong>Seg\u00fan su finalidad:<\/strong><\/p>\n<p>a. Cookies t\u00e9cnicas: Son aquellas necesarias para la ejecuci\u00f3n de determinadas funcionalidades de nuestra p\u00e1gina web.<br \/> b. Cookies de personalizaci\u00f3n: Son aqu\u00e9llas que permiten acceder al servicio con unas caracter\u00edsticas predefinidas en funci\u00f3n de una serie de criterios, como por ejemplo el idioma, el tipo de navegador a trav\u00e9s del cual se accede al servicio, la configuraci\u00f3n regional desde donde se accede al servicio, etc.<br \/> c. Cookies de an\u00e1lisis: Son aqu\u00e9llas que nos permiten cuantificar el n\u00famero de usuarios y as\u00ed realizar la medici\u00f3n y an\u00e1lisis estad\u00edstico de la utilizaci\u00f3n que hacen los usuarios de la web y sus contenidos.<br \/> d. Cookies publicitarias: Son aqu\u00e9llas que permiten la gesti\u00f3n, de la forma m\u00e1s eficaz posible, de los espacios publicitarios que se pudieran incluir en una p\u00e1gina web.<\/p>\n<h3>\u00bfQu\u00e9 tipos de cookies utiliza esta p\u00e1gina web?<\/h3>\n<p>En particular, en esta web utilizamos las siguientes cookies.<\/p>\n<p>[\/et_pb_text][et_pb_code _builder_version=\u00bb4.6.6&#8243; _module_preset=\u00bbdefault\u00bb]<table class=\"cookielawinfo-row-cat-table cookielawinfo-classic\"><thead><tr><th class=\"cookielawinfo-column-1\">Cookie<\/th><th class=\"cookielawinfo-column-2\">Tipo<\/th><th class=\"cookielawinfo-column-3\">Duraci\u00f3n<\/th><th class=\"cookielawinfo-column-4\">Descripci\u00f3n<\/th><\/tr><\/thead><tbody><tr class=\"cookielawinfo-row\"><td class=\"cookielawinfo-column-1\">cookielawinfo-checkbox-necessary<\/td><td class=\"cookielawinfo-column-2\">sesi\u00f3n<\/td><td class=\"cookielawinfo-column-3\">11 meses<\/td><td class=\"cookielawinfo-column-4\">This cookie is set by GDPR Cookie Consent plugin. The cookies is used to store the user consent for the cookies in the category \"Necessary\".<\/td><\/tr><tr class=\"cookielawinfo-row\"><td class=\"cookielawinfo-column-1\">cookielawinfo-checkbox-non-necessary<\/td><td class=\"cookielawinfo-column-2\">sesi\u00f3n<\/td><td class=\"cookielawinfo-column-3\">11 meses<\/td><td class=\"cookielawinfo-column-4\">This cookie is set by GDPR Cookie Consent plugin. The cookies is used to store the user consent for the cookies in the category \"Non Necessary\".<\/td><\/tr><tr class=\"cookielawinfo-row\"><td class=\"cookielawinfo-column-1\">viewed_cookie_policy<\/td><td class=\"cookielawinfo-column-2\">sesi\u00f3n<\/td><td class=\"cookielawinfo-column-3\">11 meses<\/td><td class=\"cookielawinfo-column-4\">The cookie is set by the GDPR Cookie Consent plugin and is used to store whether or not user has consented to the use of cookies. It does not store any personal data.<\/td><\/tr><\/tbody><\/table>[\/et_pb_code][et_pb_text _builder_version=\u00bb4.6.6&#8243; _module_preset=\u00bbdefault\u00bb]<span>El tratamiento de los datos correspondientes a cookies de terceros corresponde a los responsables de los servicios indicados.<\/span><\/p>\n<h3>\u00bfC\u00f3mo puedo administrar las cookies?<\/h3>\n<p>Puede administrar las cookies mediante los par\u00e1metros correspondientes a la configuraci\u00f3n del navegador. La configuraci\u00f3n de los navegadores puede variar seg\u00fan el desarrollador y la versi\u00f3n.<\/p>\n<p>La mayor\u00eda de los navegadores indican c\u00f3mo configurar su navegador para que no acepte cookies, para que le notifique cada vez que reciba una nueva cookie, as\u00ed como para desactivarlas completamente. Para controlar qu\u00e9 uso quiere que se haga de su informaci\u00f3n, puede configurar el navegador de su terminal en la forma que estime m\u00e1s conveniente.<\/p>\n<p>Le indicamos los siguientes enlaces, donde podr\u00e1 encontrar m\u00e1s informaci\u00f3n sobre la configuraci\u00f3n de cookies en los diferentes navegadores:<\/p>\n<p><a href=\"https:\/\/support.microsoft.com\/es-es\/kb\/278835\" target=\"_blank\" rel=\"noopener noreferrer\">Explorer<\/a><\/p>\n<p><a href=\"https:\/\/privacy.microsoft.com\/es-es\/windows-10-microsoft-edge-and-privacy\" target=\"_blank\" rel=\"noopener noreferrer\">Microsoft Edge<\/a><\/p>\n<p><a href=\"https:\/\/support.google.com\/chrome\/answer\/95647?co=GENIE.Platform%3DDesktop&amp;amp;hl=esttp:\/\/support.google.com\/chrome\/bin\/answer.py?hl=es&amp;amp;answer=95647\" target=\"_blank\" rel=\"noopener noreferrer\">Chrome<\/a><\/p>\n<p><a href=\"http:\/\/support.mozilla.org\/es\/kb\/Borrar%20cookies\" target=\"_blank\" rel=\"noopener noreferrer\">Firefox<\/a><\/p>\n<p><a href=\"http:\/\/support.apple.com\/kb\/ph5042.\" target=\"_blank\" rel=\"noopener noreferrer\">Safari<\/a><\/p>\n<p><a href=\"https:\/\/help.opera.com\/en\/latest\/web-preferences\/#cookies\" target=\"_blank\" rel=\"noopener noreferrer\" data-et-has-event-already=\"true\">Opera<\/a>[\/et_pb_text][\/et_pb_column][\/et_pb_row][\/et_pb_section]<\/p>\n","protected":false},"excerpt":{"rendered":"<p>Pol\u00edtica de Cookies El objetivo de esta pol\u00edtica es informar a los interesados acerca de las cookies que emplea esta p\u00e1gina web de conformidad con lo establecido en la Ley 34\/2002, de 11 de julio, de Servicios de la Sociedad de la Informaci\u00f3n y de Comercio Electr\u00f3nico, y el Reglamento (UE) 2016\/679, del Parlamento Europeo [&hellip;]<\/p>\n","protected":false},"author":1,"featured_media":0,"parent":0,"menu_order":0,"comment_status":"closed","ping_status":"closed","template":"","meta":{"_et_pb_use_builder":"on","_et_pb_old_content":"","_et_gb_content_width":""},"yoast_head":"<!-- This site is optimized with the Yoast SEO plugin v17.5 - https:\/\/yoast.com\/wordpress\/plugins\/seo\/ -->\n<title>Pol\u00edtica de cookies - Mi\u00f1ana Beltr\u00e1n DIY<\/title>\n<meta name=\"description\" content=\"Informaci\u00f3n sobre el uso de cookies para el an\u00e1lisis de tr\u00e1fico y mejora de la experiencia de usuario.\" \/>\n<meta name=\"robots\" content=\"noindex, follow\" \/>\n<meta property=\"og:locale\" content=\"es_ES\" \/>\n<meta property=\"og:type\" content=\"article\" \/>\n<meta property=\"og:title\" content=\"Pol\u00edtica de cookies - Mi\u00f1ana Beltr\u00e1n DIY\" \/>\n<meta property=\"og:description\" content=\"Informaci\u00f3n sobre el uso de cookies para el an\u00e1lisis de tr\u00e1fico y mejora de la experiencia de usuario.\" \/>\n<meta property=\"og:url\" content=\"https:\/\/mbgoldvisaspain.com\/cookies-policy\/\" \/>\n<meta property=\"og:site_name\" content=\"Mi\u00f1ana Beltr\u00e1n DIY\" \/>\n<meta property=\"article:modified_time\" content=\"2020-12-15T09:34:59+00:00\" \/>\n<meta name=\"twitter:card\" content=\"summary_large_image\" \/>\n<meta name=\"twitter:label1\" content=\"Tiempo de lectura\" \/>\n\t<meta name=\"twitter:data1\" content=\"5 minutos\" \/>\n<script type=\"application\/ld+json\" class=\"yoast-schema-graph\">{\"@context\":\"https:\/\/schema.org\",\"@graph\":[{\"@type\":\"WebSite\",\"@id\":\"https:\/\/mbgoldvisaspain.com\/#website\",\"url\":\"https:\/\/mbgoldvisaspain.com\/\",\"name\":\"Mi\\u00f1ana Beltr\\u00e1n DIY\",\"description\":\"\\u897f\\u73ed\\u7259\\u654f\\u96c5\\u5a1cDIY\\u6d77\\u5916\\u7f6e\\u4e1a\\u54a8\\u8be2\\u516c\\u53f8\",\"potentialAction\":[{\"@type\":\"SearchAction\",\"target\":{\"@type\":\"EntryPoint\",\"urlTemplate\":\"https:\/\/mbgoldvisaspain.com\/?s={search_term_string}\"},\"query-input\":\"required name=search_term_string\"}],\"inLanguage\":\"es\"},{\"@type\":\"WebPage\",\"@id\":\"https:\/\/mbgoldvisaspain.com\/cookies-policy\/#webpage\",\"url\":\"https:\/\/mbgoldvisaspain.com\/cookies-policy\/\",\"name\":\"Pol\\u00edtica de cookies - Mi\\u00f1ana Beltr\\u00e1n DIY\",\"isPartOf\":{\"@id\":\"https:\/\/mbgoldvisaspain.com\/#website\"},\"datePublished\":\"2020-12-14T16:55:02+00:00\",\"dateModified\":\"2020-12-15T09:34:59+00:00\",\"description\":\"Informaci\\u00f3n sobre el uso de cookies para el an\\u00e1lisis de tr\\u00e1fico y mejora de la experiencia de usuario.\",\"breadcrumb\":{\"@id\":\"https:\/\/mbgoldvisaspain.com\/cookies-policy\/#breadcrumb\"},\"inLanguage\":\"es\",\"potentialAction\":[{\"@type\":\"ReadAction\",\"target\":[\"https:\/\/mbgoldvisaspain.com\/cookies-policy\/\"]}]},{\"@type\":\"BreadcrumbList\",\"@id\":\"https:\/\/mbgoldvisaspain.com\/cookies-policy\/#breadcrumb\",\"itemListElement\":[{\"@type\":\"ListItem\",\"position\":1,\"name\":\"\\u9996\\u9801\",\"item\":\"https:\/\/mbgoldvisaspain.com\/es\/\"},{\"@type\":\"ListItem\",\"position\":2,\"name\":\"Pol\\u00edtica de cookies\"}]}]}<\/script>\n<!-- \/ Yoast SEO plugin. -->","yoast_head_json":{"title":"Pol\u00edtica de cookies - Mi\u00f1ana Beltr\u00e1n DIY","description":"Informaci\u00f3n sobre el uso de cookies para el an\u00e1lisis de tr\u00e1fico y mejora de la experiencia de usuario.","robots":{"index":"noindex","follow":"follow"},"og_locale":"es_ES","og_type":"article","og_title":"Pol\u00edtica de cookies - Mi\u00f1ana Beltr\u00e1n DIY","og_description":"Informaci\u00f3n sobre el uso de cookies para el an\u00e1lisis de tr\u00e1fico y mejora de la experiencia de usuario.","og_url":"https:\/\/mbgoldvisaspain.com\/cookies-policy\/","og_site_name":"Mi\u00f1ana Beltr\u00e1n DIY","article_modified_time":"2020-12-15T09:34:59+00:00","twitter_card":"summary_large_image","twitter_misc":{"Tiempo de lectura":"5 minutos"},"schema":{"@context":"https:\/\/schema.org","@graph":[{"@type":"WebSite","@id":"https:\/\/mbgoldvisaspain.com\/#website","url":"https:\/\/mbgoldvisaspain.com\/","name":"Mi\u00f1ana Beltr\u00e1n DIY","description":"\u897f\u73ed\u7259\u654f\u96c5\u5a1cDIY\u6d77\u5916\u7f6e\u4e1a\u54a8\u8be2\u516c\u53f8","potentialAction":[{"@type":"SearchAction","target":{"@type":"EntryPoint","urlTemplate":"https:\/\/mbgoldvisaspain.com\/?s={search_term_string}"},"query-input":"required name=search_term_string"}],"inLanguage":"es"},{"@type":"WebPage","@id":"https:\/\/mbgoldvisaspain.com\/cookies-policy\/#webpage","url":"https:\/\/mbgoldvisaspain.com\/cookies-policy\/","name":"Pol\u00edtica de cookies - Mi\u00f1ana Beltr\u00e1n DIY","isPartOf":{"@id":"https:\/\/mbgoldvisaspain.com\/#website"},"datePublished":"2020-12-14T16:55:02+00:00","dateModified":"2020-12-15T09:34:59+00:00","description":"Informaci\u00f3n sobre el uso de cookies para el an\u00e1lisis de tr\u00e1fico y mejora de la experiencia de usuario.","breadcrumb":{"@id":"https:\/\/mbgoldvisaspain.com\/cookies-policy\/#breadcrumb"},"inLanguage":"es","potentialAction":[{"@type":"ReadAction","target":["https:\/\/mbgoldvisaspain.com\/cookies-policy\/"]}]},{"@type":"BreadcrumbList","@id":"https:\/\/mbgoldvisaspain.com\/cookies-policy\/#breadcrumb","itemListElement":[{"@type":"ListItem","position":1,"name":"\u9996\u9801","item":"https:\/\/mbgoldvisaspain.com\/es\/"},{"@type":"ListItem","position":2,"name":"Pol\u00edtica de cookies"}]}]}},"_links":{"self":[{"href":"https:\/\/mbgoldvisaspain.com\/es\/wp-json\/wp\/v2\/pages\/718"}],"collection":[{"href":"https:\/\/mbgoldvisaspain.com\/es\/wp-json\/wp\/v2\/pages"}],"about":[{"href":"https:\/\/mbgoldvisaspain.com\/es\/wp-json\/wp\/v2\/types\/page"}],"author":[{"embeddable":true,"href":"https:\/\/mbgoldvisaspain.com\/es\/wp-json\/wp\/v2\/users\/1"}],"replies":[{"embeddable":true,"href":"https:\/\/mbgoldvisaspain.com\/es\/wp-json\/wp\/v2\/comments?post=718"}],"version-history":[{"count":3,"href":"https:\/\/mbgoldvisaspain.com\/es\/wp-json\/wp\/v2\/pages\/718\/revisions"}],"predecessor-version":[{"id":731,"href":"https:\/\/mbgoldvisaspain.com\/es\/wp-json\/wp\/v2\/pages\/718\/revisions\/731"}],"wp:attachment":[{"href":"https:\/\/mbgoldvisaspain.com\/es\/wp-json\/wp\/v2\/media?parent=718"}],"curies":[{"name":"wp","href":"https:\/\/api.w.org\/{rel}","templated":true}]}}