{"id":702,"date":"2020-12-14T16:38:57","date_gmt":"2020-12-14T16:38:57","guid":{"rendered":"https:\/\/mbgoldvisaspain.com\/?page_id=702"},"modified":"2020-12-14T16:52:39","modified_gmt":"2020-12-14T16:52:39","slug":"barcelona","status":"publish","type":"page","link":"https:\/\/mbgoldvisaspain.com\/es\/barcelona\/","title":{"rendered":"Barcelona"},"content":{"rendered":"<p>[et_pb_section fb_built=\u00bb1&#8243; _builder_version=\u00bb4.6.5&#8243; _module_preset=\u00bbdefault\u00bb background_image=\u00bbhttps:\/\/mbgoldvisaspain.com\/wp-content\/uploads\/2020\/11\/invertir-en-barcelona.jpg\u00bb top_divider_flip=\u00bbvertical\u00bb bottom_divider_style=\u00bbcurve\u00bb bottom_divider_color=\u00bb#ffffff\u00bb bottom_divider_height=\u00bb2vw\u00bb bottom_divider_repeat=\u00bb0x\u00bb animation_style=\u00bbfade\u00bb da_disable_devices=\u00bboff|off|off\u00bb locked=\u00bboff\u00bb da_is_popup=\u00bboff\u00bb da_exit_intent=\u00bboff\u00bb da_has_close=\u00bbon\u00bb da_alt_close=\u00bboff\u00bb da_dark_close=\u00bboff\u00bb da_not_modal=\u00bbon\u00bb da_is_singular=\u00bboff\u00bb da_with_loader=\u00bboff\u00bb da_has_shadow=\u00bbon\u00bb][et_pb_row _builder_version=\u00bb4.6.5&#8243; _module_preset=\u00bbdefault\u00bb custom_margin=\u00bb3vw||3vw||true|false\u00bb custom_margin_tablet=\u00bb\u00bb custom_margin_phone=\u00bb\u00bb custom_margin_last_edited=\u00bbon|phone\u00bb][et_pb_column type=\u00bb4_4&#8243; _builder_version=\u00bb4.6.5&#8243; _module_preset=\u00bbdefault\u00bb][et_pb_text _builder_version=\u00bb4.6.6&#8243; _module_preset=\u00bbdefault\u00bb]<\/p>\n<h3 style=\"text-align: center;\">BARCELONA, ESPA\u00d1A<\/h3>\n<p>[\/et_pb_text][\/et_pb_column][\/et_pb_row][\/et_pb_section][et_pb_section fb_built=\u00bb1&#8243; _builder_version=\u00bb4.6.5&#8243; _module_preset=\u00bbdefault\u00bb background_color=\u00bbrgba(0,0,0,0)\u00bb custom_margin=\u00bb-5vw||||false|false\u00bb custom_margin_tablet=\u00bb-11vw||||false|false\u00bb custom_margin_phone=\u00bb-16vw||||false|false\u00bb custom_margin_last_edited=\u00bbon|desktop\u00bb custom_padding=\u00bb||0px||false|false\u00bb da_disable_devices=\u00bboff|off|off\u00bb locked=\u00bboff\u00bb da_is_popup=\u00bboff\u00bb da_exit_intent=\u00bboff\u00bb da_has_close=\u00bbon\u00bb da_alt_close=\u00bboff\u00bb da_dark_close=\u00bboff\u00bb da_not_modal=\u00bbon\u00bb da_is_singular=\u00bboff\u00bb da_with_loader=\u00bboff\u00bb da_has_shadow=\u00bbon\u00bb][et_pb_row _builder_version=\u00bb4.6.5&#8243; _module_preset=\u00bbdefault\u00bb background_color=\u00bb#FFFFFF\u00bb custom_padding=\u00bb0px|2vw|0px|2vw|false|true\u00bb custom_css_main_element=\u00bbz-index:2;\u00bb border_radii=\u00bbon|5px|5px|5px|5px\u00bb box_shadow_style=\u00bbpreset2&#8243; box_shadow_horizontal=\u00bb0px\u00bb box_shadow_vertical=\u00bb2px\u00bb box_shadow_blur=\u00bb7px\u00bb][et_pb_column type=\u00bb4_4&#8243; _builder_version=\u00bb4.6.5&#8243; _module_preset=\u00bbdefault\u00bb][et_pb_text _builder_version=\u00bb4.6.6&#8243; _module_preset=\u00bbdefault\u00bb custom_margin=\u00bb1vw||1vw||true|false\u00bb]<\/p>\n<h1 style=\"text-align: center;\">Ciudades espa\u00f1olas<\/h1>\n<p>[\/et_pb_text][\/et_pb_column][\/et_pb_row][et_pb_row column_structure=\u00bb1_4,3_4&#8243; _builder_version=\u00bb4.6.5&#8243; _module_preset=\u00bbdefault\u00bb][et_pb_column type=\u00bb1_4&#8243; _builder_version=\u00bb4.6.5&#8243; _module_preset=\u00bbdefault\u00bb][et_pb_image src=\u00bbhttps:\/\/mbgoldvisaspain.com\/wp-content\/uploads\/2020\/11\/ubicacion-mapa-barcelona.png\u00bb alt=\u00bbUbicaci\u00f3n Barcelona\u00bb title_text=\u00bbUbicaci\u00f3n Barcelona\u00bb _builder_version=\u00bb4.6.5&#8243; _module_preset=\u00bbdefault\u00bb custom_margin=\u00bb||-1px||false|false\u00bb][\/et_pb_image][et_pb_text _builder_version=\u00bb4.6.6&#8243; _module_preset=\u00bbdefault\u00bb text_font=\u00bb|700|||||||\u00bb text_text_color=\u00bb#adb6a1&#8243; custom_padding=\u00bb1em|1em|1em|1em|true|true\u00bb border_width_right=\u00bb1px\u00bb border_color_right=\u00bb#ededed\u00bb border_width_bottom=\u00bb1px\u00bb border_color_bottom=\u00bb#ededed\u00bb border_width_left=\u00bb1px\u00bb border_color_left=\u00bb#ededed\u00bb box_shadow_style=\u00bbpreset3&#8243; box_shadow_vertical=\u00bb5px\u00bb box_shadow_blur=\u00bb11px\u00bb box_shadow_spread=\u00bb-7px\u00bb]<\/p>\n<p>BARCELONA<\/p>\n<p>101,35 km\u00b2<\/p>\n<p>1.636.762 hab. (2019)<\/p>\n<p>barcelona.cat<\/p>\n<p>[\/et_pb_text][\/et_pb_column][et_pb_column type=\u00bb3_4&#8243; _builder_version=\u00bb4.6.5&#8243; _module_preset=\u00bbdefault\u00bb][et_pb_text _builder_version=\u00bb4.6.6&#8243; _module_preset=\u00bbdefault\u00bb custom_padding=\u00bb0px|||||\u00bb hover_enabled=\u00bb0&#8243; sticky_enabled=\u00bb0&#8243;]<\/p>\n<p style=\"text-align: justify;\">Barcelona es la capital de la <strong>Comunidad Aut\u00f3noma de Catalu\u00f1a<\/strong>, de la provincia hom\u00f3nima y de la comarca del Barcelon\u00e9s.<\/p>\n<p style=\"text-align: justify;\">Es la segunda ciudad m\u00e1s poblada de Espa\u00f1a y de la pen\u00ednsula ib\u00e9rica despu\u00e9s de Madrid, y la d\u00e9cima de la Uni\u00f3n Europea. Se trata de la <strong>segunda \u00e1rea metropolitana espa\u00f1ola en actividad econ\u00f3mica<\/strong>.<\/p>\n<p style=\"text-align: justify;\">Se ubica a la orilla del mar Mediterr\u00e1neo, a unos 120 km al sur de la cadena monta\u00f1osa de los Pirineos y de la frontera con Francia, en un peque\u00f1o llano litoral limitado por el mar al este, la sierra de Collserola al oeste, el r\u00edo Llobregat al sur y el r\u00edo Bes\u00f3s al norte. Por haber sido capital del condado de Barcelona, se suele aludir a ella con la denominaci\u00f3n antonom\u00e1stica de Ciudad Condal.<\/p>\n<p style=\"text-align: justify;\">Barcelona ha forjado su relevancia con el tiempo, desde ser una peque\u00f1a colonia romana hasta convertirse en una ciudad valorada internacionalmente por aspectos como su econom\u00eda, su patrimonio art\u00edstico, su cultura, su deporte y su vida social.\u00a0Est\u00e1 reconocida como una ciudad global por su importancia cultural, financiera, comercial y tur\u00edstica. Tiene <strong>uno de los puertos m\u00e1s importantes del Mediterr\u00e1neo<\/strong> y es tambi\u00e9n un importante punto de comunicaciones entre Espa\u00f1a y Francia, debido a las conexiones por autopista y alta velocidad ferroviaria. El Aeropuerto Josep Tarradellas Barcelona-El Prat, situado a 15 km del centro de la ciudad, fue utilizado por m\u00e1s de 52,6 millones de pasajeros en 2019.<\/p>\n<p>[\/et_pb_text][\/et_pb_column][\/et_pb_row][et_pb_row _builder_version=\u00bb4.6.5&#8243; _module_preset=\u00bbdefault\u00bb][et_pb_column type=\u00bb4_4&#8243; _builder_version=\u00bb4.6.5&#8243; _module_preset=\u00bbdefault\u00bb][et_pb_divider module_class=\u00bbseparadorminyana\u00bb _builder_version=\u00bb4.6.5&#8243; _module_preset=\u00bbdefault\u00bb][\/et_pb_divider][\/et_pb_column][\/et_pb_row][\/et_pb_section][et_pb_section fb_built=\u00bb1&#8243; _builder_version=\u00bb4.6.6&#8243; _module_preset=\u00bbdefault\u00bb custom_margin=\u00bb||2em||false|false\u00bb da_disable_devices=\u00bboff|off|off\u00bb da_is_popup=\u00bboff\u00bb da_exit_intent=\u00bboff\u00bb da_has_close=\u00bbon\u00bb da_alt_close=\u00bboff\u00bb da_dark_close=\u00bboff\u00bb da_not_modal=\u00bbon\u00bb da_is_singular=\u00bboff\u00bb da_with_loader=\u00bboff\u00bb da_has_shadow=\u00bbon\u00bb][et_pb_row column_structure=\u00bb1_4,1_4,1_4,1_4&#8243; use_custom_gutter=\u00bbon\u00bb _builder_version=\u00bb4.6.5&#8243; _module_preset=\u00bbdefault\u00bb width=\u00bb90%\u00bb max_width=\u00bb90%\u00bb][et_pb_column type=\u00bb1_4&#8243; _builder_version=\u00bb4.6.5&#8243; _module_preset=\u00bbdefault\u00bb][et_pb_image src=\u00bbhttps:\/\/mbgoldvisaspain.com\/wp-content\/uploads\/2020\/11\/parque-guell-barcelona.jpg\u00bb alt=\u00bbParque G\u00fcell, Barcelona\u00bb title_text=\u00bbParque G\u00fcell, Barcelona\u00bb show_in_lightbox=\u00bbon\u00bb use_overlay=\u00bbon\u00bb show_bottom_space=\u00bboff\u00bb module_class=\u00bbimagengaleria\u00bb _builder_version=\u00bb4.6.6&#8243; _module_preset=\u00bbdefault\u00bb custom_margin=\u00bb||0px||false|false\u00bb][\/et_pb_image][\/et_pb_column][et_pb_column type=\u00bb1_4&#8243; _builder_version=\u00bb4.6.5&#8243; _module_preset=\u00bbdefault\u00bb][et_pb_image src=\u00bbhttps:\/\/mbgoldvisaspain.com\/wp-content\/uploads\/2020\/11\/casa-mila-barcelona.jpg\u00bb alt=\u00bbCasa Mil\u00e1 Barcelona\u00bb title_text=\u00bbCasa Mil\u00e1 Barcelona\u00bb show_in_lightbox=\u00bbon\u00bb use_overlay=\u00bbon\u00bb show_bottom_space=\u00bboff\u00bb module_class=\u00bbimagengaleria\u00bb _builder_version=\u00bb4.6.6&#8243; _module_preset=\u00bbdefault\u00bb custom_margin=\u00bb||0px||false|false\u00bb][\/et_pb_image][et_pb_text _builder_version=\u00bb4.6.5&#8243; _module_preset=\u00bbdefault\u00bb text_font=\u00bb|300|||||||\u00bb text_font_size=\u00bb11px\u00bb]<span>From Wikimedia Commons&nbsp;<\/span><a href=\"https:\/\/commons.wikimedia.org\/wiki\/User:Stefan_Fadinger\" target=\"_blank\" rel=\"noopener noreferrer\">@Stefan_Fadinger<\/a>[\/et_pb_text][\/et_pb_column][et_pb_column type=\u00bb1_4&#8243; _builder_version=\u00bb4.6.5&#8243; _module_preset=\u00bbdefault\u00bb][et_pb_image src=\u00bbhttps:\/\/mbgoldvisaspain.com\/wp-content\/uploads\/2020\/11\/hotel-w-barcelona.jpg\u00bb alt=\u00bbHotel W Barcelona\u00bb title_text=\u00bbHotel W Barcelona\u00bb show_in_lightbox=\u00bbon\u00bb use_overlay=\u00bbon\u00bb show_bottom_space=\u00bboff\u00bb module_class=\u00bbimagengaleria\u00bb _builder_version=\u00bb4.6.6&#8243; _module_preset=\u00bbdefault\u00bb custom_margin=\u00bb||0px||false|false\u00bb][\/et_pb_image][et_pb_text _builder_version=\u00bb4.6.5&#8243; _module_preset=\u00bbdefault\u00bb text_font=\u00bb|300|||||||\u00bb text_font_size=\u00bb11px\u00bb]<span>From Wikimedia Commons&nbsp;<\/span><a href=\"https:\/\/commons.wikimedia.org\/wiki\/User:Canaan\" target=\"_blank\" rel=\"noopener noreferrer\">@Canaan<\/a>[\/et_pb_text][\/et_pb_column][et_pb_column type=\u00bb1_4&#8243; _builder_version=\u00bb4.6.5&#8243; _module_preset=\u00bbdefault\u00bb][et_pb_image src=\u00bbhttps:\/\/mbgoldvisaspain.com\/wp-content\/uploads\/2020\/11\/puerto-de-barcelona.jpg\u00bb alt=\u00bbPuerto de Barcelona\u00bb title_text=\u00bbPuerto de Barcelona\u00bb show_in_lightbox=\u00bbon\u00bb use_overlay=\u00bbon\u00bb show_bottom_space=\u00bboff\u00bb module_class=\u00bbimagengaleria\u00bb _builder_version=\u00bb4.6.6&#8243; _module_preset=\u00bbdefault\u00bb custom_margin=\u00bb||0px||false|false\u00bb][\/et_pb_image][et_pb_text _builder_version=\u00bb4.6.5&#8243; _module_preset=\u00bbdefault\u00bb text_font=\u00bb|300|||||||\u00bb text_font_size=\u00bb11px\u00bb]<span>From Wikimedia Commons&nbsp;<\/span><a href=\"https:\/\/commons.wikimedia.org\/wiki\/User:%D0%9C%D0%B0%D1%80%D0%B0%D1%82%D0%94\" target=\"_blank\" rel=\"noopener noreferrer\">@\u041c\u0430\u0440\u0430\u0442\u0414<\/a>[\/et_pb_text][\/et_pb_column][\/et_pb_row][\/et_pb_section]<\/p>\n","protected":false},"excerpt":{"rendered":"<p>BARCELONA, ESPA\u00d1ACiudades espa\u00f1olasBARCELONA 101,35 km\u00b2 1.636.762 hab. (2019) barcelona.catBarcelona es la capital de la Comunidad Aut\u00f3noma de Catalu\u00f1a, de la provincia hom\u00f3nima y de la comarca del Barcelon\u00e9s. Es la segunda ciudad m\u00e1s poblada de Espa\u00f1a y de la pen\u00ednsula ib\u00e9rica despu\u00e9s de Madrid, y la d\u00e9cima de la Uni\u00f3n Europea. Se trata de la [&hellip;]<\/p>\n","protected":false},"author":1,"featured_media":0,"parent":0,"menu_order":0,"comment_status":"closed","ping_status":"closed","template":"","meta":{"_et_pb_use_builder":"on","_et_pb_old_content":"<!-- wp:divi\/placeholder -->\n[et_pb_section fb_built=\"1\" _builder_version=\"4.6.5\" _module_preset=\"default\" background_image=\"https:\/\/mbgoldvisaspain.com\/wp-content\/uploads\/2020\/11\/invertir-en-barcelona.jpg\" top_divider_flip=\"vertical\" bottom_divider_style=\"curve\" bottom_divider_color=\"#ffffff\" bottom_divider_height=\"2vw\" bottom_divider_repeat=\"0x\" animation_style=\"fade\" locked=\"off\"][et_pb_row _builder_version=\"4.6.5\" _module_preset=\"default\" custom_margin=\"3vw||3vw||true|false\" custom_margin_tablet=\"\" custom_margin_phone=\"\" custom_margin_last_edited=\"on|phone\"][et_pb_column type=\"4_4\" _builder_version=\"4.6.5\" _module_preset=\"default\"][et_pb_text _builder_version=\"4.6.5\" _module_preset=\"default\"]\n<h3 style=\"text-align: center;\">BARCELONA, SPAIN<\/h3>\n[\/et_pb_text][\/et_pb_column][\/et_pb_row][\/et_pb_section][et_pb_section fb_built=\"1\" _builder_version=\"4.6.5\" _module_preset=\"default\" background_color=\"rgba(0,0,0,0)\" custom_margin=\"-5vw||||false|false\" custom_margin_tablet=\"-11vw||||false|false\" custom_margin_phone=\"-16vw||||false|false\" custom_margin_last_edited=\"on|desktop\" custom_padding=\"||0px||false|false\" locked=\"off\"][et_pb_row _builder_version=\"4.6.5\" _module_preset=\"default\" background_color=\"#FFFFFF\" custom_padding=\"0px|2vw|0px|2vw|false|true\" custom_css_main_element=\"z-index:2;\" border_radii=\"on|5px|5px|5px|5px\" box_shadow_style=\"preset2\" box_shadow_horizontal=\"0px\" box_shadow_vertical=\"2px\" box_shadow_blur=\"7px\"][et_pb_column type=\"4_4\" _builder_version=\"4.6.5\" _module_preset=\"default\"][et_pb_text _builder_version=\"4.6.5\" _module_preset=\"default\" custom_margin=\"1vw||1vw||true|false\"]\n<h1 style=\"text-align: center;\">\u897f\u73ed\u7259\u57ce\u5e02<\/h1>\n[\/et_pb_text][\/et_pb_column][\/et_pb_row][et_pb_row column_structure=\"1_4,3_4\" _builder_version=\"4.6.5\" _module_preset=\"default\"][et_pb_column type=\"1_4\" _builder_version=\"4.6.5\" _module_preset=\"default\"][et_pb_image src=\"https:\/\/mbgoldvisaspain.com\/wp-content\/uploads\/2020\/11\/ubicacion-mapa-barcelona.png\" alt=\"Ubicaci\u00f3n Barcelona\" title_text=\"Ubicaci\u00f3n Barcelona\" _builder_version=\"4.6.5\" _module_preset=\"default\" custom_margin=\"||-1px||false|false\"][\/et_pb_image][et_pb_text _builder_version=\"4.6.5\" _module_preset=\"default\" text_font=\"|700|||||||\" text_text_color=\"#adb6a1\" custom_padding=\"1em|1em|1em|1em|true|true\" border_width_right=\"1px\" border_color_right=\"#ededed\" border_width_bottom=\"1px\" border_color_bottom=\"#ededed\" border_width_left=\"1px\" border_color_left=\"#ededed\" box_shadow_style=\"preset3\" box_shadow_vertical=\"5px\" box_shadow_blur=\"11px\" box_shadow_spread=\"-7px\"]\n\n\u5df4\u585e\u7f57\u90a3 \/ BARCELONA\n\n101,35 km\u00b2\n\n1.636.762 hab. (2019)\n\nbarcelona.cat\n\n[\/et_pb_text][\/et_pb_column][et_pb_column type=\"3_4\" _builder_version=\"4.6.5\" _module_preset=\"default\"][et_pb_text _builder_version=\"4.6.6\" _module_preset=\"default\" custom_padding=\"0px|||||\"]\n\n\u5df4\u585e\u7f85\u90a3 \u662f\u897f\u73ed\u7259\u52a0\u6cf0\u7f85\u5c3c\u4e9e\u9996\u5e9c\u548c\u5df4\u585e\u7f85\u90a3\u7701\u7701\u6703\uff0c\u4f4d\u65bc\u4f0a\u6bd4\u5229\u4e9e\u534a\u5cf6\u7684\u6771\u5317\u9762\uff0c\u6ff1\u81e8\u5730\u4e2d\u6d77\uff0c\u5168\u5e02\u4eba\u53e3160\u842c\uff0c\u90fd\u6703\u5340\u4eba\u53e3\u5247500\u842c\uff0c\u70ba\u52a0\u6cf0\u7f85\u5c3c\u4e9e\u7b2c\u4e00\u5927\u57ce\u3002\u52a0\u6cf0\u9686\u5c3c\u4e9e\u7684\u8b70\u6703\u3001\u884c\u653f\u6a5f\u69cb\u3001\u9ad8\u7b49\u6cd5\u9662\u7b49\u653f\u5e9c\u4e2d\u6a1e\u6a5f\u69cb\uff0c\u4ee5\u53ca\u6700\u9ad8\u9996\u9577\u5747\u99d0\u8a2d\u65bc\u6b64\u30021999\u5e74\uff0c\u5df4\u585e\u7f85\u90a3\u7531\u7f8e\u570b\u300a\u570b\u5bb6\u5730\u7406\u96dc\u8a8c\u300b\u8a55\u9078\u70ba50\u500b\u4eba\u751f\u5fc5\u904a\u666f\u9ede\u4e4b\u4e00\u3002\n\n\u76f8\u50b3\u5df4\u585e\u9686\u7d0d\u7531\u8fe6\u592a\u57fa\u5c07\u9818\u3001\u6f22\u5c3c\u62d4\u7684\u7236\u89aa\u54c8\u7c73\u723e\u5361\u00b7\u5df4\u5361\u6240\u8208\u5efa\uff0c\u5728\u5176\u6f2b\u9577\u7684\u6b77\u53f2\u4e0a\u9084\u66fe\u4f5c\u7232\u5df4\u585e\u7f85\u90a3\u4f2f\u7235\u9818\u5730\u548c\u963f\u62c9\u8ca2\u738b\u570b\u7684\u90fd\u57ce\u3002\u5df4\u585e\u7f85\u90a3\u56e0\u5176\u8846\u591a\u6b77\u53f2\u5efa\u7bc9\u548c\u6587\u5316\u666f\u9ede\u6210\u7232\u8846\u591a\u65c5\u904a\u8005\u7684\u76ee\u7684\u5730\uff0c\u5176\u4e2d\u4e4b\u4ee3\u8868\u662f\u88ab\u5217\u5165\u806f\u5408\u570b\u4e16\u754c\u907a\u7522\u7684\u5b89\u6771\u5c3c\u00b7\u9ad8\u7b2c\u548c\u8def\u6613\u00b7\u591a\u9580\u5167\u514b\u00b7\u8499\u5854\u5167\u7684\u5efa\u7bc9\u4f5c\u54c1\u3002\u5b89\u6771\u5c3c\u00b7\u9ad8\u7b2c\u4e00\u76f4\u5728\u5df4\u585e\u7f85\u90a3\u751f\u6d3b\u548c\u5de5\u4f5c\uff0c\u5728\u9019\u88cf\u6709\u4ed6\u5f88\u591a\u7684\u4f5c\u54c1\uff0c\u5176\u4e2d\u6700\u8457\u540d\u7684\u5305\u62ec\u6842\u723e\u5bae\u3001\u6842\u723e\u516c\u5712\u548c\u8056\u5bb6\u5802\u3002\u5df4\u585e\u7f85\u90a3\u5c1a\u6709\u5169\u500b\u77e5\u540d\u7684\u8db3\u7403\u4ff1\u6a02\u90e8\uff1a\u5df4\u585e\u7f85\u90a3\u548c\u7687\u5bb6\u897f\u73ed\u7259\u4eba\uff0c\u5176\u4e2d\u5df4\u585e\u7f85\u90a3\u662f\u4e16\u754c\u6700\u8457\u540d\u7684\u8db3\u7403\u4ff1\u6a02\u90e8\u4e4b\u4e00\u3002\n\n[\/et_pb_text][\/et_pb_column][\/et_pb_row][et_pb_row _builder_version=\"4.6.5\" _module_preset=\"default\"][et_pb_column type=\"4_4\" _builder_version=\"4.6.5\" _module_preset=\"default\"][et_pb_divider module_class=\"separadorminyana\" _builder_version=\"4.6.5\" _module_preset=\"default\"][\/et_pb_divider][\/et_pb_column][\/et_pb_row][\/et_pb_section][et_pb_section fb_built=\"1\" _builder_version=\"4.6.6\" _module_preset=\"default\" hover_enabled=\"0\" custom_margin=\"||2em||false|false\" sticky_enabled=\"0\"][et_pb_row column_structure=\"1_4,1_4,1_4,1_4\" use_custom_gutter=\"on\" _builder_version=\"4.6.5\" _module_preset=\"default\" width=\"90%\" max_width=\"90%\"][et_pb_column type=\"1_4\" _builder_version=\"4.6.5\" _module_preset=\"default\"][et_pb_image src=\"https:\/\/mbgoldvisaspain.com\/wp-content\/uploads\/2020\/11\/parque-guell-barcelona.jpg\" alt=\"Parque G\u00fcell, Barcelona\" title_text=\"Parque G\u00fcell, Barcelona\" show_in_lightbox=\"on\" use_overlay=\"on\" show_bottom_space=\"off\" module_class=\"imagengaleria\" _builder_version=\"4.6.6\" _module_preset=\"default\" custom_margin=\"||0px||false|false\"][\/et_pb_image][\/et_pb_column][et_pb_column type=\"1_4\" _builder_version=\"4.6.5\" _module_preset=\"default\"][et_pb_image src=\"https:\/\/mbgoldvisaspain.com\/wp-content\/uploads\/2020\/11\/casa-mila-barcelona.jpg\" alt=\"Casa Mil\u00e1 Barcelona\" title_text=\"Casa Mil\u00e1 Barcelona\" show_in_lightbox=\"on\" use_overlay=\"on\" show_bottom_space=\"off\" module_class=\"imagengaleria\" _builder_version=\"4.6.6\" _module_preset=\"default\" custom_margin=\"||0px||false|false\"][\/et_pb_image][et_pb_text _builder_version=\"4.6.5\" _module_preset=\"default\" text_font=\"|300|||||||\" text_font_size=\"11px\"]<span>From Wikimedia Commons&nbsp;<\/span><a href=\"https:\/\/commons.wikimedia.org\/wiki\/User:Stefan_Fadinger\" target=\"_blank\" rel=\"noopener noreferrer\">@Stefan_Fadinger<\/a>[\/et_pb_text][\/et_pb_column][et_pb_column type=\"1_4\" _builder_version=\"4.6.5\" _module_preset=\"default\"][et_pb_image src=\"https:\/\/mbgoldvisaspain.com\/wp-content\/uploads\/2020\/11\/hotel-w-barcelona.jpg\" alt=\"Hotel W Barcelona\" title_text=\"Hotel W Barcelona\" show_in_lightbox=\"on\" use_overlay=\"on\" show_bottom_space=\"off\" module_class=\"imagengaleria\" _builder_version=\"4.6.6\" _module_preset=\"default\" custom_margin=\"||0px||false|false\"][\/et_pb_image][et_pb_text _builder_version=\"4.6.5\" _module_preset=\"default\" text_font=\"|300|||||||\" text_font_size=\"11px\"]<span>From Wikimedia Commons&nbsp;<\/span><a href=\"https:\/\/commons.wikimedia.org\/wiki\/User:Canaan\" target=\"_blank\" rel=\"noopener noreferrer\">@Canaan<\/a>[\/et_pb_text][\/et_pb_column][et_pb_column type=\"1_4\" _builder_version=\"4.6.5\" _module_preset=\"default\"][et_pb_image src=\"https:\/\/mbgoldvisaspain.com\/wp-content\/uploads\/2020\/11\/puerto-de-barcelona.jpg\" alt=\"Puerto de Barcelona\" title_text=\"Puerto de Barcelona\" show_in_lightbox=\"on\" use_overlay=\"on\" show_bottom_space=\"off\" module_class=\"imagengaleria\" _builder_version=\"4.6.6\" _module_preset=\"default\" custom_margin=\"||0px||false|false\"][\/et_pb_image][et_pb_text _builder_version=\"4.6.5\" _module_preset=\"default\" text_font=\"|300|||||||\" text_font_size=\"11px\"]<span>From Wikimedia Commons&nbsp;<\/span><a href=\"https:\/\/commons.wikimedia.org\/wiki\/User:%D0%9C%D0%B0%D1%80%D0%B0%D1%82%D0%94\" target=\"_blank\" rel=\"noopener noreferrer\">@\u041c\u0430\u0440\u0430\u0442\u0414<\/a>[\/et_pb_text][\/et_pb_column][\/et_pb_row][\/et_pb_section]\n<!-- \/wp:divi\/placeholder -->","_et_gb_content_width":""},"yoast_head":"<!-- This site is optimized with the Yoast SEO plugin v17.5 - https:\/\/yoast.com\/wordpress\/plugins\/seo\/ -->\n<title>Barcelona - Mi\u00f1ana Beltr\u00e1n DIY<\/title>\n<meta name=\"description\" content=\"Barcelona es la segunda \u00e1rea metropolitana espa\u00f1ola en actividad econ\u00f3mica. Descubre una ciudad \u00fanica.\" \/>\n<meta name=\"robots\" content=\"index, follow, max-snippet:-1, max-image-preview:large, max-video-preview:-1\" \/>\n<link rel=\"canonical\" href=\"https:\/\/mbgoldvisaspain.com\/es\/barcelona\/\" \/>\n<meta property=\"og:locale\" content=\"es_ES\" \/>\n<meta property=\"og:type\" content=\"article\" \/>\n<meta property=\"og:title\" content=\"Barcelona - Mi\u00f1ana Beltr\u00e1n DIY\" \/>\n<meta property=\"og:description\" content=\"Barcelona es la segunda \u00e1rea metropolitana espa\u00f1ola en actividad econ\u00f3mica. Descubre una ciudad \u00fanica.\" \/>\n<meta property=\"og:url\" content=\"https:\/\/mbgoldvisaspain.com\/es\/barcelona\/\" \/>\n<meta property=\"og:site_name\" content=\"Mi\u00f1ana Beltr\u00e1n DIY\" \/>\n<meta property=\"article:modified_time\" content=\"2020-12-14T16:52:39+00:00\" \/>\n<meta name=\"twitter:card\" content=\"summary_large_image\" \/>\n<meta name=\"twitter:label1\" content=\"Tiempo de lectura\" \/>\n\t<meta name=\"twitter:data1\" content=\"6 minutos\" \/>\n<script type=\"application\/ld+json\" class=\"yoast-schema-graph\">{\"@context\":\"https:\/\/schema.org\",\"@graph\":[{\"@type\":\"WebSite\",\"@id\":\"https:\/\/mbgoldvisaspain.com\/#website\",\"url\":\"https:\/\/mbgoldvisaspain.com\/\",\"name\":\"Mi\\u00f1ana Beltr\\u00e1n DIY\",\"description\":\"\\u897f\\u73ed\\u7259\\u654f\\u96c5\\u5a1cDIY\\u6d77\\u5916\\u7f6e\\u4e1a\\u54a8\\u8be2\\u516c\\u53f8\",\"potentialAction\":[{\"@type\":\"SearchAction\",\"target\":{\"@type\":\"EntryPoint\",\"urlTemplate\":\"https:\/\/mbgoldvisaspain.com\/?s={search_term_string}\"},\"query-input\":\"required name=search_term_string\"}],\"inLanguage\":\"es\"},{\"@type\":\"WebPage\",\"@id\":\"https:\/\/mbgoldvisaspain.com\/es\/barcelona\/#webpage\",\"url\":\"https:\/\/mbgoldvisaspain.com\/es\/barcelona\/\",\"name\":\"Barcelona - Mi\\u00f1ana Beltr\\u00e1n DIY\",\"isPartOf\":{\"@id\":\"https:\/\/mbgoldvisaspain.com\/#website\"},\"datePublished\":\"2020-12-14T16:38:57+00:00\",\"dateModified\":\"2020-12-14T16:52:39+00:00\",\"description\":\"Barcelona es la segunda \\u00e1rea metropolitana espa\\u00f1ola en actividad econ\\u00f3mica. Descubre una ciudad \\u00fanica.\",\"breadcrumb\":{\"@id\":\"https:\/\/mbgoldvisaspain.com\/es\/barcelona\/#breadcrumb\"},\"inLanguage\":\"es\",\"potentialAction\":[{\"@type\":\"ReadAction\",\"target\":[\"https:\/\/mbgoldvisaspain.com\/es\/barcelona\/\"]}]},{\"@type\":\"BreadcrumbList\",\"@id\":\"https:\/\/mbgoldvisaspain.com\/es\/barcelona\/#breadcrumb\",\"itemListElement\":[{\"@type\":\"ListItem\",\"position\":1,\"name\":\"\\u9996\\u9801\",\"item\":\"https:\/\/mbgoldvisaspain.com\/es\/\"},{\"@type\":\"ListItem\",\"position\":2,\"name\":\"Barcelona\"}]}]}<\/script>\n<!-- \/ Yoast SEO plugin. -->","yoast_head_json":{"title":"Barcelona - Mi\u00f1ana Beltr\u00e1n DIY","description":"Barcelona es la segunda \u00e1rea metropolitana espa\u00f1ola en actividad econ\u00f3mica. Descubre una ciudad \u00fanica.","robots":{"index":"index","follow":"follow","max-snippet":"max-snippet:-1","max-image-preview":"max-image-preview:large","max-video-preview":"max-video-preview:-1"},"canonical":"https:\/\/mbgoldvisaspain.com\/es\/barcelona\/","og_locale":"es_ES","og_type":"article","og_title":"Barcelona - Mi\u00f1ana Beltr\u00e1n DIY","og_description":"Barcelona es la segunda \u00e1rea metropolitana espa\u00f1ola en actividad econ\u00f3mica. Descubre una ciudad \u00fanica.","og_url":"https:\/\/mbgoldvisaspain.com\/es\/barcelona\/","og_site_name":"Mi\u00f1ana Beltr\u00e1n DIY","article_modified_time":"2020-12-14T16:52:39+00:00","twitter_card":"summary_large_image","twitter_misc":{"Tiempo de lectura":"6 minutos"},"schema":{"@context":"https:\/\/schema.org","@graph":[{"@type":"WebSite","@id":"https:\/\/mbgoldvisaspain.com\/#website","url":"https:\/\/mbgoldvisaspain.com\/","name":"Mi\u00f1ana Beltr\u00e1n DIY","description":"\u897f\u73ed\u7259\u654f\u96c5\u5a1cDIY\u6d77\u5916\u7f6e\u4e1a\u54a8\u8be2\u516c\u53f8","potentialAction":[{"@type":"SearchAction","target":{"@type":"EntryPoint","urlTemplate":"https:\/\/mbgoldvisaspain.com\/?s={search_term_string}"},"query-input":"required name=search_term_string"}],"inLanguage":"es"},{"@type":"WebPage","@id":"https:\/\/mbgoldvisaspain.com\/es\/barcelona\/#webpage","url":"https:\/\/mbgoldvisaspain.com\/es\/barcelona\/","name":"Barcelona - Mi\u00f1ana Beltr\u00e1n DIY","isPartOf":{"@id":"https:\/\/mbgoldvisaspain.com\/#website"},"datePublished":"2020-12-14T16:38:57+00:00","dateModified":"2020-12-14T16:52:39+00:00","description":"Barcelona es la segunda \u00e1rea metropolitana espa\u00f1ola en actividad econ\u00f3mica. Descubre una ciudad \u00fanica.","breadcrumb":{"@id":"https:\/\/mbgoldvisaspain.com\/es\/barcelona\/#breadcrumb"},"inLanguage":"es","potentialAction":[{"@type":"ReadAction","target":["https:\/\/mbgoldvisaspain.com\/es\/barcelona\/"]}]},{"@type":"BreadcrumbList","@id":"https:\/\/mbgoldvisaspain.com\/es\/barcelona\/#breadcrumb","itemListElement":[{"@type":"ListItem","position":1,"name":"\u9996\u9801","item":"https:\/\/mbgoldvisaspain.com\/es\/"},{"@type":"ListItem","position":2,"name":"Barcelona"}]}]}},"_links":{"self":[{"href":"https:\/\/mbgoldvisaspain.com\/es\/wp-json\/wp\/v2\/pages\/702"}],"collection":[{"href":"https:\/\/mbgoldvisaspain.com\/es\/wp-json\/wp\/v2\/pages"}],"about":[{"href":"https:\/\/mbgoldvisaspain.com\/es\/wp-json\/wp\/v2\/types\/page"}],"author":[{"embeddable":true,"href":"https:\/\/mbgoldvisaspain.com\/es\/wp-json\/wp\/v2\/users\/1"}],"replies":[{"embeddable":true,"href":"https:\/\/mbgoldvisaspain.com\/es\/wp-json\/wp\/v2\/comments?post=702"}],"version-history":[{"count":4,"href":"https:\/\/mbgoldvisaspain.com\/es\/wp-json\/wp\/v2\/pages\/702\/revisions"}],"predecessor-version":[{"id":708,"href":"https:\/\/mbgoldvisaspain.com\/es\/wp-json\/wp\/v2\/pages\/702\/revisions\/708"}],"wp:attachment":[{"href":"https:\/\/mbgoldvisaspain.com\/es\/wp-json\/wp\/v2\/media?parent=702"}],"curies":[{"name":"wp","href":"https:\/\/api.w.org\/{rel}","templated":true}]}}