{"id":699,"date":"2020-12-14T16:24:34","date_gmt":"2020-12-14T16:24:34","guid":{"rendered":"https:\/\/mbgoldvisaspain.com\/?page_id=699"},"modified":"2020-12-14T16:25:00","modified_gmt":"2020-12-14T16:25:00","slug":"politica-privacidad","status":"publish","type":"page","link":"https:\/\/mbgoldvisaspain.com\/es\/politica-privacidad\/","title":{"rendered":"Pol\u00edtica de privacidad"},"content":{"rendered":"<p>[et_pb_section fb_built=\u00bb1&#8243; _builder_version=\u00bb4.6.6&#8243; _module_preset=\u00bbdefault\u00bb da_disable_devices=\u00bboff|off|off\u00bb da_is_popup=\u00bboff\u00bb da_exit_intent=\u00bboff\u00bb da_has_close=\u00bbon\u00bb da_alt_close=\u00bboff\u00bb da_dark_close=\u00bboff\u00bb da_not_modal=\u00bbon\u00bb da_is_singular=\u00bboff\u00bb da_with_loader=\u00bboff\u00bb da_has_shadow=\u00bbon\u00bb][et_pb_row _builder_version=\u00bb4.6.6&#8243; _module_preset=\u00bbdefault\u00bb][et_pb_column type=\u00bb4_4&#8243; _builder_version=\u00bb4.6.6&#8243; _module_preset=\u00bbdefault\u00bb][et_pb_text _builder_version=\u00bb4.6.6&#8243; _module_preset=\u00bbdefault\u00bb hover_enabled=\u00bb0&#8243; sticky_enabled=\u00bb0&#8243;]<\/p>\n<h2>Pol\u00edtica de privacidad<\/h2>\n<p>[\/et_pb_text][et_pb_text _builder_version=\u00bb4.6.6&#8243; _module_preset=\u00bbdefault\u00bb]En cumplimiento de lo dispuesto en la normativa espa\u00f1ola y europea sobre Protecci\u00f3n de Datos de car\u00e1cter personal, le informamos que el titular de esta web y responsable del tratamiento de los datos personales obtenidos por medio de la misma es Mi\u00f1ana Beltr\u00e1n Economistas y Abogados, S.L.P. (en adelante \u201cMi\u00f1ana Beltr\u00e1n\u201d).<\/p>\n<h3>Recogida y tratamiento de sus datos personales<\/h3>\n<p>A trav\u00e9s de este sitio web se recopilan y tratan datos de car\u00e1cter personal, los cuales pasan a formar parte de sistemas de informaci\u00f3n de Mi\u00f1ana Beltr\u00e1n Economistas y Abogados, y ser\u00e1n tratados con la finalidad de atender y tramitar las diferentes consultas, quejas, reclamaciones, solicitudes y dem\u00e1s peticiones que se reciban a trav\u00e9s de las v\u00edas habilitadas para ello, siendo la aplicaci\u00f3n de medidas precontractuales y el consentimiento del interesado, en su caso, las bases jur\u00eddicas que legitiman los referidos tratamientos.<\/p>\n<p>Adicionalmente, en caso de que un interesado nos remita su curriculum vitae y otros datos, sus datos ser\u00e1n tratados para participar en procesos de selecci\u00f3n actuales y\/o futuros de Mi\u00f1ana Beltr\u00e1n Economistas y Abogados. La persona que remita sus datos u otros documentos por las v\u00edas se\u00f1aladas manifiesta y garantiza que la totalidad de la informaci\u00f3n facilitada es veraz, correcta y completa, se encuentra actualizada, y que va referida a su persona. No se admitir\u00e1 el env\u00edo de datos personales referidos a terceras personas, ni de personas menores de edad o incapaces.<\/p>\n<h3>Conservaci\u00f3n de sus datos<\/h3>\n<p>Los datos ser\u00e1n tratados de manera confidencial y sobre los mismos se aplicar\u00e1n medidas t\u00e9cnicas, organizativas y legales adecuadas y suficientes que garanticen la privacidad y confidencialidad de los mismos, as\u00ed como el correcto ejercicio de los derechos que por ley le corresponden, sin que vayan a ser comunicados a terceros sin su autorizaci\u00f3n expresa, salvo en los casos expresamente permitidos o exigibles conforme a la ley.<\/p>\n<p>Mi\u00f1ana Beltr\u00e1n Economistas y Abogados conservar\u00e1 sus datos durante el tiempo necesario para poder tramitar y gestionar las peticiones recibidas por los usuarios. Con respecto a los datos personales de candidatos de empleo, en caso de haber optado a una oferta u oportunidad concreta, sus datos ser\u00e1n conservados hasta la finalizaci\u00f3n del correspondiente proceso de selecci\u00f3n. En caso contrario, los mismos ser\u00e1n conservados durante un m\u00e1ximo de dos a\u00f1os, momento en el cual se proceder\u00e1 a su supresi\u00f3n.<\/p>\n<h3>Derechos de los afectados<\/h3>\n<p>En cualquier momento, el usuario podr\u00e1 ejercer los derechos de acceso, rectificaci\u00f3n, oposici\u00f3n, supresi\u00f3n, limitaci\u00f3n al tratamiento y portabilidad de sus datos, as\u00ed como a no ser objeto de una decisi\u00f3n basada \u00fanicamente en el tratamiento automatizado de sus datos, en las condiciones legalmente previstas y dirigi\u00e9ndose por escrito al formulario de contacto.<\/p>\n<p>Mi\u00f1ana Beltr\u00e1n Economistas y Abogados se reserva el derecho a solicitarle una copia de su Documento Nacional de Identidad o documento equivalente para poder verificar su identidad a los efectos anteriores. Asimismo, le informamos igualmente de que puede efectuar una reclamaci\u00f3n ante la Agencia Espa\u00f1ola de Protecci\u00f3n de Datos, en caso de que considere que el tratamiento de sus datos no es el adecuado.[\/et_pb_text][\/et_pb_column][\/et_pb_row][\/et_pb_section]<\/p>\n","protected":false},"excerpt":{"rendered":"<p>Pol\u00edtica de privacidad En cumplimiento de lo dispuesto en la normativa espa\u00f1ola y europea sobre Protecci\u00f3n de Datos de car\u00e1cter personal, le informamos que el titular de esta web y responsable del tratamiento de los datos personales obtenidos por medio de la misma es Mi\u00f1ana Beltr\u00e1n Economistas y Abogados, S.L.P. (en adelante \u201cMi\u00f1ana Beltr\u00e1n\u201d). Recogida [&hellip;]<\/p>\n","protected":false},"author":1,"featured_media":0,"parent":0,"menu_order":0,"comment_status":"closed","ping_status":"closed","template":"","meta":{"_et_pb_use_builder":"on","_et_pb_old_content":"","_et_gb_content_width":""},"yoast_head":"<!-- This site is optimized with the Yoast SEO plugin v17.5 - https:\/\/yoast.com\/wordpress\/plugins\/seo\/ -->\n<title>Pol\u00edtica de privacidad - Mi\u00f1ana Beltr\u00e1n DIY<\/title>\n<meta name=\"description\" content=\"Pol\u00edtica de privacidad, recogida y tratamiento de sus datos personales. Para atender y tramitar las diferentes consultas, reclamaciones y solicitudes.\" \/>\n<meta name=\"robots\" content=\"noindex, follow\" \/>\n<meta property=\"og:locale\" content=\"es_ES\" \/>\n<meta property=\"og:type\" content=\"article\" \/>\n<meta property=\"og:title\" content=\"Pol\u00edtica de privacidad - Mi\u00f1ana Beltr\u00e1n DIY\" \/>\n<meta property=\"og:description\" content=\"Pol\u00edtica de privacidad, recogida y tratamiento de sus datos personales. Para atender y tramitar las diferentes consultas, reclamaciones y solicitudes.\" \/>\n<meta property=\"og:url\" content=\"https:\/\/mbgoldvisaspain.com\/es\/politica-privacidad\/\" \/>\n<meta property=\"og:site_name\" content=\"Mi\u00f1ana Beltr\u00e1n DIY\" \/>\n<meta property=\"article:modified_time\" content=\"2020-12-14T16:25:00+00:00\" \/>\n<meta name=\"twitter:card\" content=\"summary_large_image\" \/>\n<meta name=\"twitter:label1\" content=\"Tiempo de lectura\" \/>\n\t<meta name=\"twitter:data1\" content=\"3 minutos\" \/>\n<script type=\"application\/ld+json\" class=\"yoast-schema-graph\">{\"@context\":\"https:\/\/schema.org\",\"@graph\":[{\"@type\":\"WebSite\",\"@id\":\"https:\/\/mbgoldvisaspain.com\/#website\",\"url\":\"https:\/\/mbgoldvisaspain.com\/\",\"name\":\"Mi\\u00f1ana Beltr\\u00e1n DIY\",\"description\":\"\\u897f\\u73ed\\u7259\\u654f\\u96c5\\u5a1cDIY\\u6d77\\u5916\\u7f6e\\u4e1a\\u54a8\\u8be2\\u516c\\u53f8\",\"potentialAction\":[{\"@type\":\"SearchAction\",\"target\":{\"@type\":\"EntryPoint\",\"urlTemplate\":\"https:\/\/mbgoldvisaspain.com\/?s={search_term_string}\"},\"query-input\":\"required name=search_term_string\"}],\"inLanguage\":\"es\"},{\"@type\":\"WebPage\",\"@id\":\"https:\/\/mbgoldvisaspain.com\/es\/politica-privacidad\/#webpage\",\"url\":\"https:\/\/mbgoldvisaspain.com\/es\/politica-privacidad\/\",\"name\":\"Pol\\u00edtica de privacidad - Mi\\u00f1ana Beltr\\u00e1n DIY\",\"isPartOf\":{\"@id\":\"https:\/\/mbgoldvisaspain.com\/#website\"},\"datePublished\":\"2020-12-14T16:24:34+00:00\",\"dateModified\":\"2020-12-14T16:25:00+00:00\",\"description\":\"Pol\\u00edtica de privacidad, recogida y tratamiento de sus datos personales. Para atender y tramitar las diferentes consultas, reclamaciones y solicitudes.\",\"breadcrumb\":{\"@id\":\"https:\/\/mbgoldvisaspain.com\/es\/politica-privacidad\/#breadcrumb\"},\"inLanguage\":\"es\",\"potentialAction\":[{\"@type\":\"ReadAction\",\"target\":[\"https:\/\/mbgoldvisaspain.com\/es\/politica-privacidad\/\"]}]},{\"@type\":\"BreadcrumbList\",\"@id\":\"https:\/\/mbgoldvisaspain.com\/es\/politica-privacidad\/#breadcrumb\",\"itemListElement\":[{\"@type\":\"ListItem\",\"position\":1,\"name\":\"\\u9996\\u9801\",\"item\":\"https:\/\/mbgoldvisaspain.com\/es\/\"},{\"@type\":\"ListItem\",\"position\":2,\"name\":\"Pol\\u00edtica de privacidad\"}]}]}<\/script>\n<!-- \/ Yoast SEO plugin. -->","yoast_head_json":{"title":"Pol\u00edtica de privacidad - Mi\u00f1ana Beltr\u00e1n DIY","description":"Pol\u00edtica de privacidad, recogida y tratamiento de sus datos personales. Para atender y tramitar las diferentes consultas, reclamaciones y solicitudes.","robots":{"index":"noindex","follow":"follow"},"og_locale":"es_ES","og_type":"article","og_title":"Pol\u00edtica de privacidad - Mi\u00f1ana Beltr\u00e1n DIY","og_description":"Pol\u00edtica de privacidad, recogida y tratamiento de sus datos personales. Para atender y tramitar las diferentes consultas, reclamaciones y solicitudes.","og_url":"https:\/\/mbgoldvisaspain.com\/es\/politica-privacidad\/","og_site_name":"Mi\u00f1ana Beltr\u00e1n DIY","article_modified_time":"2020-12-14T16:25:00+00:00","twitter_card":"summary_large_image","twitter_misc":{"Tiempo de lectura":"3 minutos"},"schema":{"@context":"https:\/\/schema.org","@graph":[{"@type":"WebSite","@id":"https:\/\/mbgoldvisaspain.com\/#website","url":"https:\/\/mbgoldvisaspain.com\/","name":"Mi\u00f1ana Beltr\u00e1n DIY","description":"\u897f\u73ed\u7259\u654f\u96c5\u5a1cDIY\u6d77\u5916\u7f6e\u4e1a\u54a8\u8be2\u516c\u53f8","potentialAction":[{"@type":"SearchAction","target":{"@type":"EntryPoint","urlTemplate":"https:\/\/mbgoldvisaspain.com\/?s={search_term_string}"},"query-input":"required name=search_term_string"}],"inLanguage":"es"},{"@type":"WebPage","@id":"https:\/\/mbgoldvisaspain.com\/es\/politica-privacidad\/#webpage","url":"https:\/\/mbgoldvisaspain.com\/es\/politica-privacidad\/","name":"Pol\u00edtica de privacidad - Mi\u00f1ana Beltr\u00e1n DIY","isPartOf":{"@id":"https:\/\/mbgoldvisaspain.com\/#website"},"datePublished":"2020-12-14T16:24:34+00:00","dateModified":"2020-12-14T16:25:00+00:00","description":"Pol\u00edtica de privacidad, recogida y tratamiento de sus datos personales. Para atender y tramitar las diferentes consultas, reclamaciones y solicitudes.","breadcrumb":{"@id":"https:\/\/mbgoldvisaspain.com\/es\/politica-privacidad\/#breadcrumb"},"inLanguage":"es","potentialAction":[{"@type":"ReadAction","target":["https:\/\/mbgoldvisaspain.com\/es\/politica-privacidad\/"]}]},{"@type":"BreadcrumbList","@id":"https:\/\/mbgoldvisaspain.com\/es\/politica-privacidad\/#breadcrumb","itemListElement":[{"@type":"ListItem","position":1,"name":"\u9996\u9801","item":"https:\/\/mbgoldvisaspain.com\/es\/"},{"@type":"ListItem","position":2,"name":"Pol\u00edtica de privacidad"}]}]}},"_links":{"self":[{"href":"https:\/\/mbgoldvisaspain.com\/es\/wp-json\/wp\/v2\/pages\/699"}],"collection":[{"href":"https:\/\/mbgoldvisaspain.com\/es\/wp-json\/wp\/v2\/pages"}],"about":[{"href":"https:\/\/mbgoldvisaspain.com\/es\/wp-json\/wp\/v2\/types\/page"}],"author":[{"embeddable":true,"href":"https:\/\/mbgoldvisaspain.com\/es\/wp-json\/wp\/v2\/users\/1"}],"replies":[{"embeddable":true,"href":"https:\/\/mbgoldvisaspain.com\/es\/wp-json\/wp\/v2\/comments?post=699"}],"version-history":[{"count":1,"href":"https:\/\/mbgoldvisaspain.com\/es\/wp-json\/wp\/v2\/pages\/699\/revisions"}],"predecessor-version":[{"id":700,"href":"https:\/\/mbgoldvisaspain.com\/es\/wp-json\/wp\/v2\/pages\/699\/revisions\/700"}],"wp:attachment":[{"href":"https:\/\/mbgoldvisaspain.com\/es\/wp-json\/wp\/v2\/media?parent=699"}],"curies":[{"name":"wp","href":"https:\/\/api.w.org\/{rel}","templated":true}]}}