{"id":695,"date":"2020-12-14T16:45:08","date_gmt":"2020-12-14T16:45:08","guid":{"rendered":"https:\/\/mbgoldvisaspain.com\/?page_id=695"},"modified":"2020-12-14T16:52:51","modified_gmt":"2020-12-14T16:52:51","slug":"madrid","status":"publish","type":"page","link":"https:\/\/mbgoldvisaspain.com\/es\/madrid\/","title":{"rendered":"Madrid"},"content":{"rendered":"\n[et_pb_section fb_built=\u00bb1&#8243; _builder_version=\u00bb4.6.5&#8243; _module_preset=\u00bbdefault\u00bb background_image=\u00bbhttps:\/\/mbgoldvisaspain.com\/wp-content\/uploads\/2020\/11\/invertir-en-madrid.jpg\u00bb top_divider_flip=\u00bbvertical\u00bb bottom_divider_style=\u00bbcurve\u00bb bottom_divider_color=\u00bb#ffffff\u00bb bottom_divider_height=\u00bb2vw\u00bb bottom_divider_repeat=\u00bb0x\u00bb animation_style=\u00bbfade\u00bb da_disable_devices=\u00bboff|off|off\u00bb locked=\u00bboff\u00bb da_is_popup=\u00bboff\u00bb da_exit_intent=\u00bboff\u00bb da_has_close=\u00bbon\u00bb da_alt_close=\u00bboff\u00bb da_dark_close=\u00bboff\u00bb da_not_modal=\u00bbon\u00bb da_is_singular=\u00bboff\u00bb da_with_loader=\u00bboff\u00bb da_has_shadow=\u00bbon\u00bb][et_pb_row _builder_version=\u00bb4.6.5&#8243; _module_preset=\u00bbdefault\u00bb custom_margin=\u00bb3vw||3vw||true|false\u00bb custom_margin_tablet=\u00bb\u00bb custom_margin_phone=\u00bb\u00bb custom_margin_last_edited=\u00bbon|phone\u00bb][et_pb_column type=\u00bb4_4&#8243; _builder_version=\u00bb4.6.5&#8243; _module_preset=\u00bbdefault\u00bb][et_pb_text _builder_version=\u00bb4.6.6&#8243; _module_preset=\u00bbdefault\u00bb]<h3 style=\"text-align: center;\">MADRID, ESPA\u00d1A<\/h3>[\/et_pb_text][\/et_pb_column][\/et_pb_row][\/et_pb_section][et_pb_section fb_built=\u00bb1&#8243; _builder_version=\u00bb4.6.5&#8243; _module_preset=\u00bbdefault\u00bb background_color=\u00bbrgba(0,0,0,0)\u00bb custom_margin=\u00bb-5vw||||false|false\u00bb custom_margin_tablet=\u00bb-11vw||||false|false\u00bb custom_margin_phone=\u00bb-16vw||||false|false\u00bb custom_margin_last_edited=\u00bbon|desktop\u00bb custom_padding=\u00bb||0px||false|false\u00bb da_disable_devices=\u00bboff|off|off\u00bb locked=\u00bboff\u00bb da_is_popup=\u00bboff\u00bb da_exit_intent=\u00bboff\u00bb da_has_close=\u00bbon\u00bb da_alt_close=\u00bboff\u00bb da_dark_close=\u00bboff\u00bb da_not_modal=\u00bbon\u00bb da_is_singular=\u00bboff\u00bb da_with_loader=\u00bboff\u00bb da_has_shadow=\u00bbon\u00bb][et_pb_row _builder_version=\u00bb4.6.5&#8243; _module_preset=\u00bbdefault\u00bb background_color=\u00bb#FFFFFF\u00bb custom_padding=\u00bb0px|2vw|0px|2vw|false|true\u00bb custom_css_main_element=\u00bbz-index:2;\u00bb border_radii=\u00bbon|5px|5px|5px|5px\u00bb box_shadow_style=\u00bbpreset2&#8243; box_shadow_horizontal=\u00bb0px\u00bb box_shadow_vertical=\u00bb2px\u00bb box_shadow_blur=\u00bb7px\u00bb][et_pb_column type=\u00bb4_4&#8243; _builder_version=\u00bb4.6.5&#8243; _module_preset=\u00bbdefault\u00bb][et_pb_text _builder_version=\u00bb4.6.6&#8243; _module_preset=\u00bbdefault\u00bb custom_margin=\u00bb1vw||1vw||true|false\u00bb]<h1 style=\"text-align: center;\">Ciudades espa\u00f1olas<\/h1>[\/et_pb_text][\/et_pb_column][\/et_pb_row][et_pb_row column_structure=\u00bb1_4,3_4&#8243; _builder_version=\u00bb4.6.5&#8243; _module_preset=\u00bbdefault\u00bb][et_pb_column type=\u00bb1_4&#8243; _builder_version=\u00bb4.6.5&#8243; _module_preset=\u00bbdefault\u00bb][et_pb_image src=\u00bbhttps:\/\/mbgoldvisaspain.com\/wp-content\/uploads\/2020\/11\/ubicacion-mapa-madrid.png\u00bb alt=\u00bbUbicaci\u00f3n Madrid\u00bb title_text=\u00bbUbicaci\u00f3n Madrid\u00bb _builder_version=\u00bb4.6.5&#8243; _module_preset=\u00bbdefault\u00bb custom_margin=\u00bb||-1px||false|false\u00bb][\/et_pb_image][et_pb_text _builder_version=\u00bb4.6.6&#8243; _module_preset=\u00bbdefault\u00bb text_font=\u00bb|700|||||||\u00bb text_text_color=\u00bb#adb6a1&#8243; custom_padding=\u00bb1em|1em|1em|1em|true|true\u00bb border_width_right=\u00bb1px\u00bb border_color_right=\u00bb#ededed\u00bb border_width_bottom=\u00bb1px\u00bb border_color_bottom=\u00bb#ededed\u00bb border_width_left=\u00bb1px\u00bb border_color_left=\u00bb#ededed\u00bb box_shadow_style=\u00bbpreset3&#8243; box_shadow_vertical=\u00bb5px\u00bb box_shadow_blur=\u00bb11px\u00bb box_shadow_spread=\u00bb-7px\u00bb]Madrid<br>\n\n604,45 km\u00b2<br>\n\n3.266.126 hab. (2019)<br>\n\nmadrid.es[\/et_pb_text][\/et_pb_column][et_pb_column type=\u00bb3_4&#8243; _builder_version=\u00bb4.6.5&#8243; _module_preset=\u00bbdefault\u00bb][et_pb_text _builder_version=\u00bb4.6.6&#8243; _module_preset=\u00bbdefault\u00bb hover_enabled=\u00bb0&#8243; sticky_enabled=\u00bb0&#8243;]<p style=\"text-align: justify;\">Madrid es un municipio y una ciudad de Espa\u00f1a. La localidad, con categor\u00eda hist\u00f3rica de villa, es la <strong>capital del Estado<\/strong> y de la Comunidad de Madrid.<\/p>\n<p style=\"text-align: justify;\">El t\u00e9rmino municipal de Madrid es el m\u00e1s poblado de Espa\u00f1a seg\u00fan el INE de 2019.<\/p>\n<p style=\"text-align: justify;\">Es la segunda ciudad m\u00e1s poblada de la Uni\u00f3n Europea, solo por detr\u00e1s de Berl\u00edn.<\/p>\n<p style=\"text-align: justify;\">En calidad de capital de Espa\u00f1a, Madrid alberga las sedes del Gobierno de Espa\u00f1a y sus Ministerios, de las Cortes Generales (Congreso y Senado), del Tribunal Supremo y del Tribunal Constitucional, as\u00ed como la residencia oficial de los reyes de Espa\u00f1a y del presidente del Gobierno.<\/p>\n<p style=\"text-align: justify;\">En el plano econ\u00f3mico, es <strong>la cuarta ciudad m\u00e1s rica de Europa<\/strong>, tras Londres, Par\u00eds y Mosc\u00fa.<\/p>\n<p style=\"text-align: justify;\">En el plano internacional acoge la sede central de la Organizaci\u00f3n Mundial del Turismo (OMT), perteneciente a la ONU, la sede de la Organizaci\u00f3n Internacional de Comisiones de Valores (OICV) o la sede de la Secretar\u00eda General Iberoamericana (SEGIB). Tambi\u00e9n alberga las principales instituciones internacionales reguladoras y difusoras del idioma espa\u00f1ol: la Comisi\u00f3n Permanente de la Asociaci\u00f3n de Academias de la Lengua Espa\u00f1ola, y sedes centrales de la Real Academia Espa\u00f1ola (RAE), del Instituto Cervantes y de la Fundaci\u00f3n del Espa\u00f1ol Urgente (Fundeu).<\/p>\n<p style=\"text-align: justify;\">Madrid organiza ferias como FITUR, Madrid Fusi\u00f3n, ARCO, SIMO TCI, el Sal\u00f3n del Autom\u00f3vil y la Cibeles Madrid Fashion Week.<\/p>\n[\/et_pb_text][\/et_pb_column][\/et_pb_row][et_pb_row _builder_version=\u00bb4.6.5&#8243; _module_preset=\u00bbdefault\u00bb][et_pb_column type=\u00bb4_4&#8243; _builder_version=\u00bb4.6.5&#8243; _module_preset=\u00bbdefault\u00bb][et_pb_divider module_class=\u00bbseparadorminyana\u00bb _builder_version=\u00bb4.6.5&#8243; _module_preset=\u00bbdefault\u00bb][\/et_pb_divider][\/et_pb_column][\/et_pb_row][\/et_pb_section][et_pb_section fb_built=\u00bb1&#8243; _builder_version=\u00bb4.6.6&#8243; _module_preset=\u00bbdefault\u00bb custom_margin=\u00bb||2em||false|false\u00bb da_disable_devices=\u00bboff|off|off\u00bb da_is_popup=\u00bboff\u00bb da_exit_intent=\u00bboff\u00bb da_has_close=\u00bbon\u00bb da_alt_close=\u00bboff\u00bb da_dark_close=\u00bboff\u00bb da_not_modal=\u00bbon\u00bb da_is_singular=\u00bboff\u00bb da_with_loader=\u00bboff\u00bb da_has_shadow=\u00bbon\u00bb][et_pb_row column_structure=\u00bb1_4,1_4,1_4,1_4&#8243; use_custom_gutter=\u00bbon\u00bb _builder_version=\u00bb4.6.6&#8243; _module_preset=\u00bbdefault\u00bb width=\u00bb90%\u00bb max_width=\u00bb90%\u00bb][et_pb_column type=\u00bb1_4&#8243; _builder_version=\u00bb4.6.5&#8243; _module_preset=\u00bbdefault\u00bb][et_pb_image src=\u00bbhttps:\/\/mbgoldvisaspain.com\/wp-content\/uploads\/2020\/11\/madrid-puerta-de-alcala.jpg\u00bb alt=\u00bbPuerta de Alcal\u00e1 Madrid\u00bb title_text=\u00bbPuerta de Alcal\u00e1 Madrid\u00bb show_in_lightbox=\u00bbon\u00bb use_overlay=\u00bbon\u00bb show_bottom_space=\u00bboff\u00bb module_class=\u00bbimagengaleria\u00bb _builder_version=\u00bb4.6.6&#8243; _module_preset=\u00bbdefault\u00bb custom_margin=\u00bb||0px||false|false\u00bb][\/et_pb_image][et_pb_text _builder_version=\u00bb4.6.5&#8243; _module_preset=\u00bbdefault\u00bb text_font=\u00bb|300|||||||\u00bb text_font_size=\u00bb11px\u00bb]<span>From Wikimedia Commons&nbsp;<\/span><a href=\"https:\/\/commons.wikimedia.org\/wiki\/User:Alvesgaspar\" target=\"_blank\" rel=\"noopener noreferrer\">@Alvesgaspar<\/a>[\/et_pb_text][\/et_pb_column][et_pb_column type=\u00bb1_4&#8243; _builder_version=\u00bb4.6.5&#8243; _module_preset=\u00bbdefault\u00bb][et_pb_image src=\u00bbhttps:\/\/mbgoldvisaspain.com\/wp-content\/uploads\/2020\/11\/torres-de-madrid.jpg\u00bb alt=\u00bbTorres de Madrid\u00bb title_text=\u00bbTorres de Madrid\u00bb show_in_lightbox=\u00bbon\u00bb use_overlay=\u00bbon\u00bb show_bottom_space=\u00bboff\u00bb module_class=\u00bbimagengaleria\u00bb _builder_version=\u00bb4.6.6&#8243; _module_preset=\u00bbdefault\u00bb custom_margin=\u00bb||0px||false|false\u00bb][\/et_pb_image][et_pb_text _builder_version=\u00bb4.6.5&#8243; _module_preset=\u00bbdefault\u00bb text_font=\u00bb|300|||||||\u00bb text_font_size=\u00bb11px\u00bb]<span>From Wikimedia Commons&nbsp;<\/span><a href=\"https:\/\/commons.wikimedia.org\/wiki\/User:Archivaldo\" target=\"_blank\" rel=\"noopener noreferrer\">@Archivaldo<\/a>[\/et_pb_text][\/et_pb_column][et_pb_column type=\u00bb1_4&#8243; _builder_version=\u00bb4.6.5&#8243; _module_preset=\u00bbdefault\u00bb][et_pb_image src=\u00bbhttps:\/\/mbgoldvisaspain.com\/wp-content\/uploads\/2020\/11\/fuente-de-cibeles-madrid.jpg\u00bb alt=\u00bbFuente de Cibeles, Madrid\u00bb title_text=\u00bbFuente de Cibeles, Madrid\u00bb show_in_lightbox=\u00bbon\u00bb use_overlay=\u00bbon\u00bb show_bottom_space=\u00bboff\u00bb module_class=\u00bbimagengaleria\u00bb _builder_version=\u00bb4.6.6&#8243; _module_preset=\u00bbdefault\u00bb custom_margin=\u00bb||0px||false|false\u00bb][\/et_pb_image][et_pb_text _builder_version=\u00bb4.6.5&#8243; _module_preset=\u00bbdefault\u00bb text_font=\u00bb|300|||||||\u00bb text_font_size=\u00bb11px\u00bb]<span>From Wikimedia Commons&nbsp;<\/span>[\/et_pb_text][\/et_pb_column][et_pb_column type=\u00bb1_4&#8243; _builder_version=\u00bb4.6.5&#8243; _module_preset=\u00bbdefault\u00bb][et_pb_image src=\u00bbhttps:\/\/mbgoldvisaspain.com\/wp-content\/uploads\/2020\/11\/skyline-madrid-gran-via.jpg\u00bb alt=\u00bbSkyline Madrid Gran V\u00eda\u00bb title_text=\u00bbSkyline Madrid Gran V\u00eda\u00bb show_in_lightbox=\u00bbon\u00bb use_overlay=\u00bbon\u00bb show_bottom_space=\u00bboff\u00bb module_class=\u00bbimagengaleria\u00bb _builder_version=\u00bb4.6.6&#8243; _module_preset=\u00bbdefault\u00bb custom_margin=\u00bb||0px||false|false\u00bb][\/et_pb_image][\/et_pb_column][\/et_pb_row][\/et_pb_section]\n","protected":false},"excerpt":{"rendered":"<p>MADRID, ESPA\u00d1ACiudades espa\u00f1olasMadrid 604,45 km\u00b2 3.266.126 hab. (2019) madrid.esMadrid es un municipio y una ciudad de Espa\u00f1a. La localidad, con categor\u00eda hist\u00f3rica de villa, es la capital del Estado y de la Comunidad de Madrid. El t\u00e9rmino municipal de Madrid es el m\u00e1s poblado de Espa\u00f1a seg\u00fan el INE de 2019. Es la segunda ciudad [&hellip;]<\/p>\n","protected":false},"author":1,"featured_media":0,"parent":0,"menu_order":0,"comment_status":"closed","ping_status":"closed","template":"","meta":{"_et_pb_use_builder":"on","_et_pb_old_content":"","_et_gb_content_width":""},"yoast_head":"<!-- This site is optimized with the Yoast SEO plugin v17.5 - https:\/\/yoast.com\/wordpress\/plugins\/seo\/ -->\n<title>Madrid - Mi\u00f1ana Beltr\u00e1n DIY<\/title>\n<meta name=\"description\" content=\"Madrid es la capital de Espa\u00f1a y la cuarta ciudad m\u00e1s rica de Europa. Alberga las sedes del Gobierno de Espa\u00f1a y sus Ministerios.\" \/>\n<meta name=\"robots\" content=\"index, follow, max-snippet:-1, max-image-preview:large, max-video-preview:-1\" \/>\n<link rel=\"canonical\" href=\"https:\/\/mbgoldvisaspain.com\/es\/madrid\/\" \/>\n<meta property=\"og:locale\" content=\"es_ES\" \/>\n<meta property=\"og:type\" content=\"article\" \/>\n<meta property=\"og:title\" content=\"Madrid - Mi\u00f1ana Beltr\u00e1n DIY\" \/>\n<meta property=\"og:description\" content=\"Madrid es la capital de Espa\u00f1a y la cuarta ciudad m\u00e1s rica de Europa. Alberga las sedes del Gobierno de Espa\u00f1a y sus Ministerios.\" \/>\n<meta property=\"og:url\" content=\"https:\/\/mbgoldvisaspain.com\/es\/madrid\/\" \/>\n<meta property=\"og:site_name\" content=\"Mi\u00f1ana Beltr\u00e1n DIY\" \/>\n<meta property=\"article:modified_time\" content=\"2020-12-14T16:52:51+00:00\" \/>\n<meta name=\"twitter:card\" content=\"summary_large_image\" \/>\n<meta name=\"twitter:label1\" content=\"Tiempo de lectura\" \/>\n\t<meta name=\"twitter:data1\" content=\"6 minutos\" \/>\n<script type=\"application\/ld+json\" class=\"yoast-schema-graph\">{\"@context\":\"https:\/\/schema.org\",\"@graph\":[{\"@type\":\"WebSite\",\"@id\":\"https:\/\/mbgoldvisaspain.com\/#website\",\"url\":\"https:\/\/mbgoldvisaspain.com\/\",\"name\":\"Mi\\u00f1ana Beltr\\u00e1n DIY\",\"description\":\"\\u897f\\u73ed\\u7259\\u654f\\u96c5\\u5a1cDIY\\u6d77\\u5916\\u7f6e\\u4e1a\\u54a8\\u8be2\\u516c\\u53f8\",\"potentialAction\":[{\"@type\":\"SearchAction\",\"target\":{\"@type\":\"EntryPoint\",\"urlTemplate\":\"https:\/\/mbgoldvisaspain.com\/?s={search_term_string}\"},\"query-input\":\"required name=search_term_string\"}],\"inLanguage\":\"es\"},{\"@type\":\"WebPage\",\"@id\":\"https:\/\/mbgoldvisaspain.com\/es\/madrid\/#webpage\",\"url\":\"https:\/\/mbgoldvisaspain.com\/es\/madrid\/\",\"name\":\"Madrid - Mi\\u00f1ana Beltr\\u00e1n DIY\",\"isPartOf\":{\"@id\":\"https:\/\/mbgoldvisaspain.com\/#website\"},\"datePublished\":\"2020-12-14T16:45:08+00:00\",\"dateModified\":\"2020-12-14T16:52:51+00:00\",\"description\":\"Madrid es la capital de Espa\\u00f1a y la cuarta ciudad m\\u00e1s rica de Europa. Alberga las sedes del Gobierno de Espa\\u00f1a y sus Ministerios.\",\"breadcrumb\":{\"@id\":\"https:\/\/mbgoldvisaspain.com\/es\/madrid\/#breadcrumb\"},\"inLanguage\":\"es\",\"potentialAction\":[{\"@type\":\"ReadAction\",\"target\":[\"https:\/\/mbgoldvisaspain.com\/es\/madrid\/\"]}]},{\"@type\":\"BreadcrumbList\",\"@id\":\"https:\/\/mbgoldvisaspain.com\/es\/madrid\/#breadcrumb\",\"itemListElement\":[{\"@type\":\"ListItem\",\"position\":1,\"name\":\"\\u9996\\u9801\",\"item\":\"https:\/\/mbgoldvisaspain.com\/es\/\"},{\"@type\":\"ListItem\",\"position\":2,\"name\":\"Madrid\"}]}]}<\/script>\n<!-- \/ Yoast SEO plugin. -->","yoast_head_json":{"title":"Madrid - Mi\u00f1ana Beltr\u00e1n DIY","description":"Madrid es la capital de Espa\u00f1a y la cuarta ciudad m\u00e1s rica de Europa. Alberga las sedes del Gobierno de Espa\u00f1a y sus Ministerios.","robots":{"index":"index","follow":"follow","max-snippet":"max-snippet:-1","max-image-preview":"max-image-preview:large","max-video-preview":"max-video-preview:-1"},"canonical":"https:\/\/mbgoldvisaspain.com\/es\/madrid\/","og_locale":"es_ES","og_type":"article","og_title":"Madrid - Mi\u00f1ana Beltr\u00e1n DIY","og_description":"Madrid es la capital de Espa\u00f1a y la cuarta ciudad m\u00e1s rica de Europa. Alberga las sedes del Gobierno de Espa\u00f1a y sus Ministerios.","og_url":"https:\/\/mbgoldvisaspain.com\/es\/madrid\/","og_site_name":"Mi\u00f1ana Beltr\u00e1n DIY","article_modified_time":"2020-12-14T16:52:51+00:00","twitter_card":"summary_large_image","twitter_misc":{"Tiempo de lectura":"6 minutos"},"schema":{"@context":"https:\/\/schema.org","@graph":[{"@type":"WebSite","@id":"https:\/\/mbgoldvisaspain.com\/#website","url":"https:\/\/mbgoldvisaspain.com\/","name":"Mi\u00f1ana Beltr\u00e1n DIY","description":"\u897f\u73ed\u7259\u654f\u96c5\u5a1cDIY\u6d77\u5916\u7f6e\u4e1a\u54a8\u8be2\u516c\u53f8","potentialAction":[{"@type":"SearchAction","target":{"@type":"EntryPoint","urlTemplate":"https:\/\/mbgoldvisaspain.com\/?s={search_term_string}"},"query-input":"required name=search_term_string"}],"inLanguage":"es"},{"@type":"WebPage","@id":"https:\/\/mbgoldvisaspain.com\/es\/madrid\/#webpage","url":"https:\/\/mbgoldvisaspain.com\/es\/madrid\/","name":"Madrid - Mi\u00f1ana Beltr\u00e1n DIY","isPartOf":{"@id":"https:\/\/mbgoldvisaspain.com\/#website"},"datePublished":"2020-12-14T16:45:08+00:00","dateModified":"2020-12-14T16:52:51+00:00","description":"Madrid es la capital de Espa\u00f1a y la cuarta ciudad m\u00e1s rica de Europa. Alberga las sedes del Gobierno de Espa\u00f1a y sus Ministerios.","breadcrumb":{"@id":"https:\/\/mbgoldvisaspain.com\/es\/madrid\/#breadcrumb"},"inLanguage":"es","potentialAction":[{"@type":"ReadAction","target":["https:\/\/mbgoldvisaspain.com\/es\/madrid\/"]}]},{"@type":"BreadcrumbList","@id":"https:\/\/mbgoldvisaspain.com\/es\/madrid\/#breadcrumb","itemListElement":[{"@type":"ListItem","position":1,"name":"\u9996\u9801","item":"https:\/\/mbgoldvisaspain.com\/es\/"},{"@type":"ListItem","position":2,"name":"Madrid"}]}]}},"_links":{"self":[{"href":"https:\/\/mbgoldvisaspain.com\/es\/wp-json\/wp\/v2\/pages\/695"}],"collection":[{"href":"https:\/\/mbgoldvisaspain.com\/es\/wp-json\/wp\/v2\/pages"}],"about":[{"href":"https:\/\/mbgoldvisaspain.com\/es\/wp-json\/wp\/v2\/types\/page"}],"author":[{"embeddable":true,"href":"https:\/\/mbgoldvisaspain.com\/es\/wp-json\/wp\/v2\/users\/1"}],"replies":[{"embeddable":true,"href":"https:\/\/mbgoldvisaspain.com\/es\/wp-json\/wp\/v2\/comments?post=695"}],"version-history":[{"count":4,"href":"https:\/\/mbgoldvisaspain.com\/es\/wp-json\/wp\/v2\/pages\/695\/revisions"}],"predecessor-version":[{"id":713,"href":"https:\/\/mbgoldvisaspain.com\/es\/wp-json\/wp\/v2\/pages\/695\/revisions\/713"}],"wp:attachment":[{"href":"https:\/\/mbgoldvisaspain.com\/es\/wp-json\/wp\/v2\/media?parent=695"}],"curies":[{"name":"wp","href":"https:\/\/api.w.org\/{rel}","templated":true}]}}