{"id":685,"date":"2020-12-14T16:42:22","date_gmt":"2020-12-14T16:42:22","guid":{"rendered":"https:\/\/mbgoldvisaspain.com\/?page_id=685"},"modified":"2020-12-14T16:53:02","modified_gmt":"2020-12-14T16:53:02","slug":"valencia","status":"publish","type":"page","link":"https:\/\/mbgoldvisaspain.com\/es\/valencia\/","title":{"rendered":"Valencia"},"content":{"rendered":"\n[et_pb_section fb_built=\u00bb1&#8243; _builder_version=\u00bb4.6.6&#8243; _module_preset=\u00bbdefault\u00bb background_image=\u00bbhttps:\/\/mbgoldvisaspain.com\/wp-content\/uploads\/2020\/11\/invertir-en-valencia.jpg\u00bb top_divider_flip=\u00bbvertical\u00bb bottom_divider_style=\u00bbcurve\u00bb bottom_divider_color=\u00bb#ffffff\u00bb bottom_divider_height=\u00bb2vw\u00bb bottom_divider_repeat=\u00bb0x\u00bb animation_style=\u00bbfade\u00bb da_disable_devices=\u00bboff|off|off\u00bb locked=\u00bboff\u00bb da_is_popup=\u00bboff\u00bb da_exit_intent=\u00bboff\u00bb da_has_close=\u00bbon\u00bb da_alt_close=\u00bboff\u00bb da_dark_close=\u00bboff\u00bb da_not_modal=\u00bbon\u00bb da_is_singular=\u00bboff\u00bb da_with_loader=\u00bboff\u00bb da_has_shadow=\u00bbon\u00bb][et_pb_row _builder_version=\u00bb4.6.5&#8243; _module_preset=\u00bbdefault\u00bb custom_margin=\u00bb3vw||3vw||true|false\u00bb custom_margin_tablet=\u00bb\u00bb custom_margin_phone=\u00bb\u00bb custom_margin_last_edited=\u00bbon|phone\u00bb][et_pb_column type=\u00bb4_4&#8243; _builder_version=\u00bb4.6.5&#8243; _module_preset=\u00bbdefault\u00bb][et_pb_text _builder_version=\u00bb4.6.6&#8243; _module_preset=\u00bbdefault\u00bb]<h3 style=\"text-align: center;\">VALENCIA, ESPA\u00d1A<\/h3>[\/et_pb_text][\/et_pb_column][\/et_pb_row][\/et_pb_section][et_pb_section fb_built=\u00bb1&#8243; _builder_version=\u00bb4.6.5&#8243; _module_preset=\u00bbdefault\u00bb background_color=\u00bbrgba(0,0,0,0)\u00bb custom_margin=\u00bb-5vw||||false|false\u00bb custom_margin_tablet=\u00bb-11vw||||false|false\u00bb custom_margin_phone=\u00bb-16vw||||false|false\u00bb custom_margin_last_edited=\u00bbon|desktop\u00bb custom_padding=\u00bb||0px||false|false\u00bb da_disable_devices=\u00bboff|off|off\u00bb locked=\u00bboff\u00bb da_is_popup=\u00bboff\u00bb da_exit_intent=\u00bboff\u00bb da_has_close=\u00bbon\u00bb da_alt_close=\u00bboff\u00bb da_dark_close=\u00bboff\u00bb da_not_modal=\u00bbon\u00bb da_is_singular=\u00bboff\u00bb da_with_loader=\u00bboff\u00bb da_has_shadow=\u00bbon\u00bb][et_pb_row _builder_version=\u00bb4.6.5&#8243; _module_preset=\u00bbdefault\u00bb background_color=\u00bb#FFFFFF\u00bb custom_padding=\u00bb0px|2vw|0px|2vw|false|true\u00bb custom_css_main_element=\u00bbz-index:2;\u00bb border_radii=\u00bbon|5px|5px|5px|5px\u00bb box_shadow_style=\u00bbpreset2&#8243; box_shadow_horizontal=\u00bb0px\u00bb box_shadow_vertical=\u00bb2px\u00bb box_shadow_blur=\u00bb7px\u00bb][et_pb_column type=\u00bb4_4&#8243; _builder_version=\u00bb4.6.5&#8243; _module_preset=\u00bbdefault\u00bb][et_pb_text _builder_version=\u00bb4.6.6&#8243; _module_preset=\u00bbdefault\u00bb custom_margin=\u00bb1vw||1vw||true|false\u00bb]<h1 style=\"text-align: center;\">Ciudades espa\u00f1olas<\/h1>[\/et_pb_text][\/et_pb_column][\/et_pb_row][et_pb_row column_structure=\u00bb1_4,3_4&#8243; _builder_version=\u00bb4.6.5&#8243; _module_preset=\u00bbdefault\u00bb][et_pb_column type=\u00bb1_4&#8243; _builder_version=\u00bb4.6.5&#8243; _module_preset=\u00bbdefault\u00bb][et_pb_image src=\u00bbhttps:\/\/mbgoldvisaspain.com\/wp-content\/uploads\/2020\/11\/ubicacion-mapa-valencia.png\u00bb alt=\u00bbUbicaci\u00f3n mapa Valencia\u00bb title_text=\u00bbUbicaci\u00f3n mapa Valencia\u00bb _builder_version=\u00bb4.6.5&#8243; _module_preset=\u00bbdefault\u00bb custom_margin=\u00bb||-1px||false|false\u00bb][\/et_pb_image][et_pb_text _builder_version=\u00bb4.6.6&#8243; _module_preset=\u00bbdefault\u00bb text_font=\u00bb|700|||||||\u00bb text_text_color=\u00bb#adb6a1&#8243; custom_padding=\u00bb1em|1em|1em|1em|true|true\u00bb border_width_right=\u00bb1px\u00bb border_color_right=\u00bb#ededed\u00bb border_width_bottom=\u00bb1px\u00bb border_color_bottom=\u00bb#ededed\u00bb border_width_left=\u00bb1px\u00bb border_color_left=\u00bb#ededed\u00bb box_shadow_style=\u00bbpreset3&#8243; box_shadow_vertical=\u00bb5px\u00bb box_shadow_blur=\u00bb11px\u00bb box_shadow_spread=\u00bb-7px\u00bb]VALENCIA\n\n134,65 km\u00b2\n\n794.288 hab. (2019)\n\nvalencia.es[\/et_pb_text][\/et_pb_column][et_pb_column type=\u00bb3_4&#8243; _builder_version=\u00bb4.6.5&#8243; _module_preset=\u00bbdefault\u00bb][et_pb_text _builder_version=\u00bb4.6.6&#8243; _module_preset=\u00bbdefault\u00bb hover_enabled=\u00bb0&#8243; sticky_enabled=\u00bb0&#8243;]<p style=\"text-align: justify;\">Valencia es una ciudad de Espa\u00f1a, capital de la provincia y de la <strong>Comunidad Valenciana<\/strong>. Es la tercera ciudad y \u00e1rea metropolitana m\u00e1s poblada de Espa\u00f1a, por detr\u00e1s de Madrid y Barcelona.<\/p>\n<p style=\"text-align: justify;\">La ciudad est\u00e1 situada a orillas del r\u00edo Turia, en la costa levantina de la pen\u00ednsula ib\u00e9rica, justo en el centro del golfo de Valencia.<\/p>\n<p style=\"text-align: justify;\">A unos diez kil\u00f3metros al sur de la ciudad se encuentra la <strong>Albufera de Valencia<\/strong>, uno de los lagos m\u00e1s grandes de Espa\u00f1a, ya que tiene cerca de 2100 hect\u00e1reas de superficie, a las cuales hay que a\u00f1adir una extensi\u00f3n de 14 100 hect\u00e1reas de marjal dedicadas al cultivo del arroz. Debido a su valor cultural, hist\u00f3rico y ecol\u00f3gico, este paraje natural fue el primer parque natural que declar\u00f3 la Generalidad Valenciana, en 1986.<\/p>\n<p style=\"text-align: justify;\">Su casco hist\u00f3rico es uno de los m\u00e1s extensos de Espa\u00f1a y gracias a su <strong>patrimonio hist\u00f3rico y monumental<\/strong> y sus diversos espacios esc\u00e9nicos y culturales la convierten en una de las ciudades con mayor afluencia de turismo nacional e internacional de todo el pa\u00eds.<\/p>\n<p style=\"text-align: justify;\">Entre sus monumentos m\u00e1s representativos se encuentran el Miguelete, la Catedral, las Torres de Serranos y de Quart, la Lonja de la Seda, declarada como Patrimonio de la Humanidad por la Unesco en 1996, y la Ciudad de las Artes y las Ciencias. Tambi\u00e9n hay que destacar que el Museo de Bellas Artes de Valencia es el museo pict\u00f3rico m\u00e1s importante de la Comunidad Valenciana siendo por su relevancia la segunda pinacoteca de Espa\u00f1a, al igual que el Instituto Valenciano de Arte Moderno (IVAM), el cual tiene por objetivo el investigar y difundir el arte del siglo xx.<\/p>\n[\/et_pb_text][\/et_pb_column][\/et_pb_row][et_pb_row _builder_version=\u00bb4.6.5&#8243; _module_preset=\u00bbdefault\u00bb][et_pb_column type=\u00bb4_4&#8243; _builder_version=\u00bb4.6.5&#8243; _module_preset=\u00bbdefault\u00bb][et_pb_divider module_class=\u00bbseparadorminyana\u00bb _builder_version=\u00bb4.6.5&#8243; _module_preset=\u00bbdefault\u00bb][\/et_pb_divider][\/et_pb_column][\/et_pb_row][\/et_pb_section][et_pb_section fb_built=\u00bb1&#8243; _builder_version=\u00bb4.6.6&#8243; _module_preset=\u00bbdefault\u00bb custom_margin=\u00bb||2em||false|false\u00bb custom_padding=\u00bb||||false|false\u00bb da_disable_devices=\u00bboff|off|off\u00bb da_is_popup=\u00bboff\u00bb da_exit_intent=\u00bboff\u00bb da_has_close=\u00bbon\u00bb da_alt_close=\u00bboff\u00bb da_dark_close=\u00bboff\u00bb da_not_modal=\u00bbon\u00bb da_is_singular=\u00bboff\u00bb da_with_loader=\u00bboff\u00bb da_has_shadow=\u00bbon\u00bb][et_pb_row column_structure=\u00bb1_4,1_4,1_4,1_4&#8243; use_custom_gutter=\u00bbon\u00bb _builder_version=\u00bb4.6.5&#8243; _module_preset=\u00bbdefault\u00bb width=\u00bb90%\u00bb max_width=\u00bb90%\u00bb][et_pb_column type=\u00bb1_4&#8243; _builder_version=\u00bb4.6.5&#8243; _module_preset=\u00bbdefault\u00bb][et_pb_image src=\u00bbhttps:\/\/mbgoldvisaspain.com\/wp-content\/uploads\/2020\/11\/ciudad-artes-y-ciencias-valencia.jpg\u00bb alt=\u00bbCiudad de las Artes y las Ciencias de Valencia\u00bb title_text=\u00bbCiudad de las Artes y las Ciencias de Valencia\u00bb show_in_lightbox=\u00bbon\u00bb use_overlay=\u00bbon\u00bb show_bottom_space=\u00bboff\u00bb module_class=\u00bbimagengaleria\u00bb _builder_version=\u00bb4.6.6&#8243; _module_preset=\u00bbdefault\u00bb custom_margin=\u00bb||0px||false|false\u00bb][\/et_pb_image][\/et_pb_column][et_pb_column type=\u00bb1_4&#8243; _builder_version=\u00bb4.6.5&#8243; _module_preset=\u00bbdefault\u00bb][et_pb_image src=\u00bbhttps:\/\/mbgoldvisaspain.com\/wp-content\/uploads\/2020\/11\/torres-de-serranos-valencia.jpg\u00bb alt=\u00bbTorres de Serranos de Valencia\u00bb title_text=\u00bbTorres de Serranos de Valencia\u00bb show_in_lightbox=\u00bbon\u00bb use_overlay=\u00bbon\u00bb show_bottom_space=\u00bboff\u00bb module_class=\u00bbimagengaleria\u00bb _builder_version=\u00bb4.6.6&#8243; _module_preset=\u00bbdefault\u00bb custom_margin=\u00bb||0px||false|false\u00bb][\/et_pb_image][\/et_pb_column][et_pb_column type=\u00bb1_4&#8243; _builder_version=\u00bb4.6.5&#8243; _module_preset=\u00bbdefault\u00bb][et_pb_image src=\u00bbhttps:\/\/mbgoldvisaspain.com\/wp-content\/uploads\/2020\/11\/plaza-ayuntamiento-de-valencia.jpg\u00bb alt=\u00bbPlaza del Ayuntamiento de Valencia\u00bb title_text=\u00bbPlaza del Ayuntamiento de Valencia\u00bb show_in_lightbox=\u00bbon\u00bb use_overlay=\u00bbon\u00bb show_bottom_space=\u00bboff\u00bb module_class=\u00bbimagengaleria\u00bb _builder_version=\u00bb4.6.6&#8243; _module_preset=\u00bbdefault\u00bb custom_margin=\u00bb||0px||false|false\u00bb][\/et_pb_image][\/et_pb_column][et_pb_column type=\u00bb1_4&#8243; _builder_version=\u00bb4.6.5&#8243; _module_preset=\u00bbdefault\u00bb][et_pb_image src=\u00bbhttps:\/\/mbgoldvisaspain.com\/wp-content\/uploads\/2020\/11\/palacio-artes-reina-sofia-de-valencia.jpg\u00bb alt=\u00bbPalacio de las Artes Reina Sof\u00eda de Valencia\u00bb title_text=\u00bbPalacio de las Artes Reina Sof\u00eda de Valencia\u00bb show_in_lightbox=\u00bbon\u00bb use_overlay=\u00bbon\u00bb show_bottom_space=\u00bboff\u00bb module_class=\u00bbimagengaleria\u00bb _builder_version=\u00bb4.6.6&#8243; _module_preset=\u00bbdefault\u00bb custom_margin=\u00bb||0px||false|false\u00bb][\/et_pb_image][et_pb_text _builder_version=\u00bb4.6.6&#8243; _module_preset=\u00bbdefault\u00bb text_font=\u00bb|300|||||||\u00bb text_font_size=\u00bb11px\u00bb]<span>From Wikimedia Commons&nbsp;<\/span><a href=\"https:\/\/commons.wikimedia.org\/wiki\/User:Poco_a_poco\" target=\"_blank\" rel=\"noopener noreferrer\">@DiegoDelso<\/a>[\/et_pb_text][\/et_pb_column][\/et_pb_row][\/et_pb_section]\n","protected":false},"excerpt":{"rendered":"<p>VALENCIA, ESPA\u00d1ACiudades espa\u00f1olasVALENCIA 134,65 km\u00b2 794.288 hab. (2019) valencia.esValencia es una ciudad de Espa\u00f1a, capital de la provincia y de la Comunidad Valenciana. Es la tercera ciudad y \u00e1rea metropolitana m\u00e1s poblada de Espa\u00f1a, por detr\u00e1s de Madrid y Barcelona. La ciudad est\u00e1 situada a orillas del r\u00edo Turia, en la costa levantina de la [&hellip;]<\/p>\n","protected":false},"author":1,"featured_media":0,"parent":0,"menu_order":0,"comment_status":"closed","ping_status":"closed","template":"","meta":{"_et_pb_use_builder":"on","_et_pb_old_content":"<!-- wp:divi\/placeholder -->\n[et_pb_section fb_built=\"1\" _builder_version=\"4.6.6\" _module_preset=\"default\" background_image=\"https:\/\/mbgoldvisaspain.com\/wp-content\/uploads\/2020\/11\/invertir-en-valencia.jpg\" top_divider_flip=\"vertical\" bottom_divider_style=\"curve\" bottom_divider_color=\"#ffffff\" bottom_divider_height=\"2vw\" bottom_divider_repeat=\"0x\" animation_style=\"fade\" locked=\"off\"][et_pb_row _builder_version=\"4.6.5\" _module_preset=\"default\" custom_margin=\"3vw||3vw||true|false\" custom_margin_tablet=\"\" custom_margin_phone=\"\" custom_margin_last_edited=\"on|phone\"][et_pb_column type=\"4_4\" _builder_version=\"4.6.5\" _module_preset=\"default\"][et_pb_text _builder_version=\"4.6.5\" _module_preset=\"default\"]\n<h3 style=\"text-align: center;\">VALENCIA, SPAIN<\/h3>\n[\/et_pb_text][\/et_pb_column][\/et_pb_row][\/et_pb_section][et_pb_section fb_built=\"1\" _builder_version=\"4.6.5\" _module_preset=\"default\" background_color=\"rgba(0,0,0,0)\" custom_margin=\"-5vw||||false|false\" custom_margin_tablet=\"-11vw||||false|false\" custom_margin_phone=\"-16vw||||false|false\" custom_margin_last_edited=\"on|desktop\" custom_padding=\"||0px||false|false\" locked=\"off\"][et_pb_row _builder_version=\"4.6.5\" _module_preset=\"default\" background_color=\"#FFFFFF\" custom_padding=\"0px|2vw|0px|2vw|false|true\" custom_css_main_element=\"z-index:2;\" border_radii=\"on|5px|5px|5px|5px\" box_shadow_style=\"preset2\" box_shadow_horizontal=\"0px\" box_shadow_vertical=\"2px\" box_shadow_blur=\"7px\"][et_pb_column type=\"4_4\" _builder_version=\"4.6.5\" _module_preset=\"default\"][et_pb_text _builder_version=\"4.6.5\" _module_preset=\"default\" custom_margin=\"1vw||1vw||true|false\"]\n<h1 style=\"text-align: center;\">\u897f\u73ed\u7259\u57ce\u5e02<\/h1>\n[\/et_pb_text][\/et_pb_column][\/et_pb_row][et_pb_row column_structure=\"1_4,3_4\" _builder_version=\"4.6.5\" _module_preset=\"default\"][et_pb_column type=\"1_4\" _builder_version=\"4.6.5\" _module_preset=\"default\"][et_pb_image src=\"https:\/\/mbgoldvisaspain.com\/wp-content\/uploads\/2020\/11\/ubicacion-mapa-valencia.png\" alt=\"Ubicaci\u00f3n mapa Valencia\" title_text=\"Ubicaci\u00f3n mapa Valencia\" _builder_version=\"4.6.5\" _module_preset=\"default\" custom_margin=\"||-1px||false|false\"][\/et_pb_image][et_pb_text _builder_version=\"4.6.5\" _module_preset=\"default\" text_font=\"|700|||||||\" text_text_color=\"#adb6a1\" custom_padding=\"1em|1em|1em|1em|true|true\" border_width_right=\"1px\" border_color_right=\"#ededed\" border_width_bottom=\"1px\" border_color_bottom=\"#ededed\" border_width_left=\"1px\" border_color_left=\"#ededed\" box_shadow_style=\"preset3\" box_shadow_vertical=\"5px\" box_shadow_blur=\"11px\" box_shadow_spread=\"-7px\"]\n\n\u74e6\u502b\u897f\u4e9e \/ VALENCIA\n\n134,65 km\u00b2\n\n794.288 hab. (2019)\n\nvalencia.es\n\n[\/et_pb_text][\/et_pb_column][et_pb_column type=\"3_4\" _builder_version=\"4.6.5\" _module_preset=\"default\"][et_pb_text _builder_version=\"4.6.5\" _module_preset=\"default\"]\n\n\u74e6\u502b\u897f\u4e9e \u662f\u897f\u73ed\u7259\u7b2c\u4e09\u5927\u57ce\u5e02\uff0c\u4f4d\u65bc\u6771\u90e8\u6cbf\u5cb8\u5730\u5340\uff0c\u662f\u6e2f\u53e3\u548c\u5de5\u696d\u57ce\u5e02\uff0c\u5e02\u5340\u4eba\u53e3\u7d0481\u842c\u4eba\uff0c\u5916\u52a0\u9031\u908a\u5e02\u93ae\u5171158\u842c\u4eba\u53e3\u3002\u5b83\u662f\u74e6\u502b\u897f\u4e9e\u81ea\u6cbb\u5340\u548c\u74e6\u502b\u897f\u4e9e\u7701\u7684\u9996\u5e9c\u3002\u73fe\u4efb\u5e02\u9577\u70ba Joan Rib\u00f3 i Canut \u30022008\u5e743\u6708\u5728\u8be5\u5e02\u8def\u6613\u65af\u666e\u683c\u4f53\u80b2\u9986\u4e3e\u529e\u4e86\u7b2c12\u5c4a\u4e16\u754c\u5ba4\u5185\u7530\u5f84\u9526\u6807\u8d5b\u3002\u74e6\u502b\u897f\u4e9e\u5728\u6bcf\u5e743\u6708\u8209\u884c\u6cd5\u4e9e\u706b\u7bc0\u3002\u74e6\u502b\u897f\u4e9e\u8207\u5df4\u585e\u9686\u62ff\u3001\u99ac\u5fb7\u91cc\u548c\u85a9\u62c9\u6208\u85a9\u7b49\u90fd\u5e02\u6709\u9435\u8def\u53ca\u9ad8\u901f\u5df4\u58eb\u76f8\u9023\u3002\n\n[\/et_pb_text][\/et_pb_column][\/et_pb_row][et_pb_row _builder_version=\"4.6.5\" _module_preset=\"default\"][et_pb_column type=\"4_4\" _builder_version=\"4.6.5\" _module_preset=\"default\"][et_pb_divider module_class=\"separadorminyana\" _builder_version=\"4.6.5\" _module_preset=\"default\"][\/et_pb_divider][\/et_pb_column][\/et_pb_row][\/et_pb_section][et_pb_section fb_built=\"1\" _builder_version=\"4.6.6\" _module_preset=\"default\" hover_enabled=\"0\" custom_padding=\"||||false|false\" custom_margin=\"||2em||false|false\" sticky_enabled=\"0\"][et_pb_row column_structure=\"1_4,1_4,1_4,1_4\" use_custom_gutter=\"on\" _builder_version=\"4.6.5\" _module_preset=\"default\" width=\"90%\" max_width=\"90%\"][et_pb_column type=\"1_4\" _builder_version=\"4.6.5\" _module_preset=\"default\"][et_pb_image src=\"https:\/\/mbgoldvisaspain.com\/wp-content\/uploads\/2020\/11\/ciudad-artes-y-ciencias-valencia.jpg\" alt=\"Ciudad de las Artes y las Ciencias de Valencia\" title_text=\"Ciudad de las Artes y las Ciencias de Valencia\" show_in_lightbox=\"on\" use_overlay=\"on\" show_bottom_space=\"off\" _builder_version=\"4.6.6\" _module_preset=\"default\" custom_margin=\"||0px||false|false\" hover_enabled=\"0\" module_class=\"imagengaleria\" sticky_enabled=\"0\"][\/et_pb_image][\/et_pb_column][et_pb_column type=\"1_4\" _builder_version=\"4.6.5\" _module_preset=\"default\"][et_pb_image src=\"https:\/\/mbgoldvisaspain.com\/wp-content\/uploads\/2020\/11\/torres-de-serranos-valencia.jpg\" alt=\"Torres de Serranos de Valencia\" title_text=\"Torres de Serranos de Valencia\" show_in_lightbox=\"on\" use_overlay=\"on\" show_bottom_space=\"off\" _builder_version=\"4.6.6\" _module_preset=\"default\" custom_margin=\"||0px||false|false\" hover_enabled=\"0\" module_class=\"imagengaleria\" sticky_enabled=\"0\"][\/et_pb_image][\/et_pb_column][et_pb_column type=\"1_4\" _builder_version=\"4.6.5\" _module_preset=\"default\"][et_pb_image src=\"https:\/\/mbgoldvisaspain.com\/wp-content\/uploads\/2020\/11\/plaza-ayuntamiento-de-valencia.jpg\" alt=\"Plaza del Ayuntamiento de Valencia\" title_text=\"Plaza del Ayuntamiento de Valencia\" show_in_lightbox=\"on\" use_overlay=\"on\" show_bottom_space=\"off\" _builder_version=\"4.6.6\" _module_preset=\"default\" custom_margin=\"||0px||false|false\" hover_enabled=\"0\" module_class=\"imagengaleria\" sticky_enabled=\"0\"][\/et_pb_image][\/et_pb_column][et_pb_column type=\"1_4\" _builder_version=\"4.6.5\" _module_preset=\"default\"][et_pb_image src=\"https:\/\/mbgoldvisaspain.com\/wp-content\/uploads\/2020\/11\/palacio-artes-reina-sofia-de-valencia.jpg\" alt=\"Palacio de las Artes Reina Sof\u00eda de Valencia\" title_text=\"Palacio de las Artes Reina Sof\u00eda de Valencia\" show_in_lightbox=\"on\" use_overlay=\"on\" show_bottom_space=\"off\" _builder_version=\"4.6.6\" _module_preset=\"default\" custom_margin=\"||0px||false|false\" hover_enabled=\"0\" module_class=\"imagengaleria\" sticky_enabled=\"0\"][\/et_pb_image][et_pb_text _builder_version=\"4.6.6\" _module_preset=\"default\" text_font=\"|300|||||||\" text_font_size=\"11px\"]<span>From Wikimedia Commons&nbsp;<\/span><a href=\"https:\/\/commons.wikimedia.org\/wiki\/User:Poco_a_poco\" target=\"_blank\" rel=\"noopener noreferrer\">@DiegoDelso<\/a>[\/et_pb_text][\/et_pb_column][\/et_pb_row][\/et_pb_section]\n<!-- \/wp:divi\/placeholder -->","_et_gb_content_width":""},"yoast_head":"<!-- This site is optimized with the Yoast SEO plugin v17.5 - https:\/\/yoast.com\/wordpress\/plugins\/seo\/ -->\n<title>Valencia - Mi\u00f1ana Beltr\u00e1n DIY<\/title>\n<meta name=\"description\" content=\"Valencia es una ciudad \u00fanica por su enorme patrimonio hist\u00f3rico y monumental, con una de las mayores afluencia de turismo nacional e internacional de toda Espa\u00f1a.\" \/>\n<meta name=\"robots\" content=\"index, follow, max-snippet:-1, max-image-preview:large, max-video-preview:-1\" \/>\n<link rel=\"canonical\" href=\"https:\/\/mbgoldvisaspain.com\/es\/valencia\/\" \/>\n<meta property=\"og:locale\" content=\"es_ES\" \/>\n<meta property=\"og:type\" content=\"article\" \/>\n<meta property=\"og:title\" content=\"Valencia - Mi\u00f1ana Beltr\u00e1n DIY\" \/>\n<meta property=\"og:description\" content=\"Valencia es una ciudad \u00fanica por su enorme patrimonio hist\u00f3rico y monumental, con una de las mayores afluencia de turismo nacional e internacional de toda Espa\u00f1a.\" \/>\n<meta property=\"og:url\" content=\"https:\/\/mbgoldvisaspain.com\/es\/valencia\/\" \/>\n<meta property=\"og:site_name\" content=\"Mi\u00f1ana Beltr\u00e1n DIY\" \/>\n<meta property=\"article:modified_time\" content=\"2020-12-14T16:53:02+00:00\" \/>\n<meta name=\"twitter:card\" content=\"summary_large_image\" \/>\n<meta name=\"twitter:label1\" content=\"Tiempo de lectura\" \/>\n\t<meta name=\"twitter:data1\" content=\"6 minutos\" \/>\n<script type=\"application\/ld+json\" class=\"yoast-schema-graph\">{\"@context\":\"https:\/\/schema.org\",\"@graph\":[{\"@type\":\"WebSite\",\"@id\":\"https:\/\/mbgoldvisaspain.com\/#website\",\"url\":\"https:\/\/mbgoldvisaspain.com\/\",\"name\":\"Mi\\u00f1ana Beltr\\u00e1n DIY\",\"description\":\"\\u897f\\u73ed\\u7259\\u654f\\u96c5\\u5a1cDIY\\u6d77\\u5916\\u7f6e\\u4e1a\\u54a8\\u8be2\\u516c\\u53f8\",\"potentialAction\":[{\"@type\":\"SearchAction\",\"target\":{\"@type\":\"EntryPoint\",\"urlTemplate\":\"https:\/\/mbgoldvisaspain.com\/?s={search_term_string}\"},\"query-input\":\"required name=search_term_string\"}],\"inLanguage\":\"es\"},{\"@type\":\"WebPage\",\"@id\":\"https:\/\/mbgoldvisaspain.com\/es\/valencia\/#webpage\",\"url\":\"https:\/\/mbgoldvisaspain.com\/es\/valencia\/\",\"name\":\"Valencia - Mi\\u00f1ana Beltr\\u00e1n DIY\",\"isPartOf\":{\"@id\":\"https:\/\/mbgoldvisaspain.com\/#website\"},\"datePublished\":\"2020-12-14T16:42:22+00:00\",\"dateModified\":\"2020-12-14T16:53:02+00:00\",\"description\":\"Valencia es una ciudad \\u00fanica por su enorme patrimonio hist\\u00f3rico y monumental, con una de las mayores afluencia de turismo nacional e internacional de toda Espa\\u00f1a.\",\"breadcrumb\":{\"@id\":\"https:\/\/mbgoldvisaspain.com\/es\/valencia\/#breadcrumb\"},\"inLanguage\":\"es\",\"potentialAction\":[{\"@type\":\"ReadAction\",\"target\":[\"https:\/\/mbgoldvisaspain.com\/es\/valencia\/\"]}]},{\"@type\":\"BreadcrumbList\",\"@id\":\"https:\/\/mbgoldvisaspain.com\/es\/valencia\/#breadcrumb\",\"itemListElement\":[{\"@type\":\"ListItem\",\"position\":1,\"name\":\"\\u9996\\u9801\",\"item\":\"https:\/\/mbgoldvisaspain.com\/es\/\"},{\"@type\":\"ListItem\",\"position\":2,\"name\":\"Valencia\"}]}]}<\/script>\n<!-- \/ Yoast SEO plugin. -->","yoast_head_json":{"title":"Valencia - Mi\u00f1ana Beltr\u00e1n DIY","description":"Valencia es una ciudad \u00fanica por su enorme patrimonio hist\u00f3rico y monumental, con una de las mayores afluencia de turismo nacional e internacional de toda Espa\u00f1a.","robots":{"index":"index","follow":"follow","max-snippet":"max-snippet:-1","max-image-preview":"max-image-preview:large","max-video-preview":"max-video-preview:-1"},"canonical":"https:\/\/mbgoldvisaspain.com\/es\/valencia\/","og_locale":"es_ES","og_type":"article","og_title":"Valencia - Mi\u00f1ana Beltr\u00e1n DIY","og_description":"Valencia es una ciudad \u00fanica por su enorme patrimonio hist\u00f3rico y monumental, con una de las mayores afluencia de turismo nacional e internacional de toda Espa\u00f1a.","og_url":"https:\/\/mbgoldvisaspain.com\/es\/valencia\/","og_site_name":"Mi\u00f1ana Beltr\u00e1n DIY","article_modified_time":"2020-12-14T16:53:02+00:00","twitter_card":"summary_large_image","twitter_misc":{"Tiempo de lectura":"6 minutos"},"schema":{"@context":"https:\/\/schema.org","@graph":[{"@type":"WebSite","@id":"https:\/\/mbgoldvisaspain.com\/#website","url":"https:\/\/mbgoldvisaspain.com\/","name":"Mi\u00f1ana Beltr\u00e1n DIY","description":"\u897f\u73ed\u7259\u654f\u96c5\u5a1cDIY\u6d77\u5916\u7f6e\u4e1a\u54a8\u8be2\u516c\u53f8","potentialAction":[{"@type":"SearchAction","target":{"@type":"EntryPoint","urlTemplate":"https:\/\/mbgoldvisaspain.com\/?s={search_term_string}"},"query-input":"required name=search_term_string"}],"inLanguage":"es"},{"@type":"WebPage","@id":"https:\/\/mbgoldvisaspain.com\/es\/valencia\/#webpage","url":"https:\/\/mbgoldvisaspain.com\/es\/valencia\/","name":"Valencia - Mi\u00f1ana Beltr\u00e1n DIY","isPartOf":{"@id":"https:\/\/mbgoldvisaspain.com\/#website"},"datePublished":"2020-12-14T16:42:22+00:00","dateModified":"2020-12-14T16:53:02+00:00","description":"Valencia es una ciudad \u00fanica por su enorme patrimonio hist\u00f3rico y monumental, con una de las mayores afluencia de turismo nacional e internacional de toda Espa\u00f1a.","breadcrumb":{"@id":"https:\/\/mbgoldvisaspain.com\/es\/valencia\/#breadcrumb"},"inLanguage":"es","potentialAction":[{"@type":"ReadAction","target":["https:\/\/mbgoldvisaspain.com\/es\/valencia\/"]}]},{"@type":"BreadcrumbList","@id":"https:\/\/mbgoldvisaspain.com\/es\/valencia\/#breadcrumb","itemListElement":[{"@type":"ListItem","position":1,"name":"\u9996\u9801","item":"https:\/\/mbgoldvisaspain.com\/es\/"},{"@type":"ListItem","position":2,"name":"Valencia"}]}]}},"_links":{"self":[{"href":"https:\/\/mbgoldvisaspain.com\/es\/wp-json\/wp\/v2\/pages\/685"}],"collection":[{"href":"https:\/\/mbgoldvisaspain.com\/es\/wp-json\/wp\/v2\/pages"}],"about":[{"href":"https:\/\/mbgoldvisaspain.com\/es\/wp-json\/wp\/v2\/types\/page"}],"author":[{"embeddable":true,"href":"https:\/\/mbgoldvisaspain.com\/es\/wp-json\/wp\/v2\/users\/1"}],"replies":[{"embeddable":true,"href":"https:\/\/mbgoldvisaspain.com\/es\/wp-json\/wp\/v2\/comments?post=685"}],"version-history":[{"count":4,"href":"https:\/\/mbgoldvisaspain.com\/es\/wp-json\/wp\/v2\/pages\/685\/revisions"}],"predecessor-version":[{"id":710,"href":"https:\/\/mbgoldvisaspain.com\/es\/wp-json\/wp\/v2\/pages\/685\/revisions\/710"}],"wp:attachment":[{"href":"https:\/\/mbgoldvisaspain.com\/es\/wp-json\/wp\/v2\/media?parent=685"}],"curies":[{"name":"wp","href":"https:\/\/api.w.org\/{rel}","templated":true}]}}