{"id":675,"date":"2020-12-14T12:28:09","date_gmt":"2020-12-14T12:28:09","guid":{"rendered":"https:\/\/mbgoldvisaspain.com\/?page_id=675"},"modified":"2021-02-01T10:55:24","modified_gmt":"2021-02-01T10:55:24","slug":"contacto","status":"publish","type":"page","link":"https:\/\/mbgoldvisaspain.com\/es\/contacto\/","title":{"rendered":"Contacto"},"content":{"rendered":"<p>[et_pb_section fb_built=\u00bb1&#8243; _builder_version=\u00bb4.6.5&#8243; _module_preset=\u00bbdefault\u00bb background_image=\u00bbhttps:\/\/mbgoldvisaspain.com\/wp-content\/uploads\/2020\/10\/despacho-minyana-beltran-conocenos.jpg\u00bb top_divider_flip=\u00bbvertical\u00bb bottom_divider_style=\u00bbcurve\u00bb bottom_divider_color=\u00bb#ffffff\u00bb bottom_divider_height=\u00bb2vw\u00bb animation_style=\u00bbfade\u00bb da_disable_devices=\u00bboff|off|off\u00bb locked=\u00bboff\u00bb da_is_popup=\u00bboff\u00bb da_exit_intent=\u00bboff\u00bb da_has_close=\u00bbon\u00bb da_alt_close=\u00bboff\u00bb da_dark_close=\u00bboff\u00bb da_not_modal=\u00bbon\u00bb da_is_singular=\u00bboff\u00bb da_with_loader=\u00bboff\u00bb da_has_shadow=\u00bbon\u00bb][et_pb_row _builder_version=\u00bb4.6.5&#8243; _module_preset=\u00bbdefault\u00bb custom_margin=\u00bb3vw||3vw||true|false\u00bb custom_margin_tablet=\u00bb\u00bb custom_margin_phone=\u00bb\u00bb custom_margin_last_edited=\u00bbon|phone\u00bb][et_pb_column type=\u00bb4_4&#8243; _builder_version=\u00bb4.6.5&#8243; _module_preset=\u00bbdefault\u00bb][et_pb_text _builder_version=\u00bb4.6.5&#8243; _module_preset=\u00bbdefault\u00bb]<\/p>\n<h3 style=\"text-align: center;\">VALENCIA \/ MADRID \/ ZARAGOZA \/ ALMER\u00cdA<\/h3>\n<p>[\/et_pb_text][\/et_pb_column][\/et_pb_row][\/et_pb_section][et_pb_section fb_built=\u00bb1&#8243; _builder_version=\u00bb4.6.5&#8243; _module_preset=\u00bbdefault\u00bb background_color=\u00bbrgba(0,0,0,0)\u00bb custom_margin=\u00bb-5vw||||false|false\u00bb custom_margin_tablet=\u00bb-11vw||||false|false\u00bb custom_margin_phone=\u00bb-16vw||||false|false\u00bb custom_margin_last_edited=\u00bbon|desktop\u00bb custom_padding=\u00bb||0px||false|false\u00bb da_disable_devices=\u00bboff|off|off\u00bb locked=\u00bboff\u00bb da_is_popup=\u00bboff\u00bb da_exit_intent=\u00bboff\u00bb da_has_close=\u00bbon\u00bb da_alt_close=\u00bboff\u00bb da_dark_close=\u00bboff\u00bb da_not_modal=\u00bbon\u00bb da_is_singular=\u00bboff\u00bb da_with_loader=\u00bboff\u00bb da_has_shadow=\u00bbon\u00bb][et_pb_row _builder_version=\u00bb4.6.5&#8243; _module_preset=\u00bbdefault\u00bb background_color=\u00bb#FFFFFF\u00bb custom_padding=\u00bb0px|2vw|0px|2vw|false|true\u00bb custom_css_main_element=\u00bbz-index:2;\u00bb border_radii=\u00bbon|5px|5px|5px|5px\u00bb box_shadow_style=\u00bbpreset2&#8243; box_shadow_horizontal=\u00bb0px\u00bb box_shadow_vertical=\u00bb2px\u00bb box_shadow_blur=\u00bb7px\u00bb][et_pb_column type=\u00bb4_4&#8243; _builder_version=\u00bb4.6.5&#8243; _module_preset=\u00bbdefault\u00bb][et_pb_text _builder_version=\u00bb4.6.6&#8243; _module_preset=\u00bbdefault\u00bb custom_margin=\u00bb1vw||1vw||true|false\u00bb]<\/p>\n<h1 style=\"text-align: center;\">Contacto<\/h1>\n<p>[\/et_pb_text][\/et_pb_column][\/et_pb_row][et_pb_row column_structure=\u00bb1_2,1_2&#8243; _builder_version=\u00bb4.6.5&#8243; _module_preset=\u00bbdefault\u00bb][et_pb_column type=\u00bb1_2&#8243; _builder_version=\u00bb4.6.5&#8243; _module_preset=\u00bbdefault\u00bb][et_pb_text _builder_version=\u00bb4.6.6&#8243; _module_preset=\u00bbdefault\u00bb]Despacho\uff1a+34 961 513 122<br \/>\nM\u00f3vil y Whatsapp\uff1a+34 678 847 233<br \/>\nEmail\uff1a <a href=\"mailto:china-desk@minyanabeltran.com\">china-desk@minyanabeltran.com<\/a><br \/>\nWeChat\uff1aMBEA33<br \/>\nWebsite\uff1a<a href=\"https:\/\/minyanabeltran.com\" title=\"P\u00e1gina corporativa despacho abogados Mi\u00f1ana Beltr\u00e1n\">minyanabeltran.com<\/a>[\/et_pb_text][\/et_pb_column][et_pb_column type=\u00bb1_2&#8243; _builder_version=\u00bb4.6.5&#8243; _module_preset=\u00bbdefault\u00bb][et_pb_code _builder_version=\u00bb4.6.6&#8243; _module_preset=\u00bbdefault\u00bb hover_enabled=\u00bb0&#8243; sticky_enabled=\u00bb0&#8243;]<\/p>\n<div><!-- [et_pb_line_break_holder] --><!-- [et_pb_line_break_holder] --><pee style=\"float: left; ;margin: 1em;\">S\u00edguenos en:<\/pee><!-- [et_pb_line_break_holder] --><!-- [et_pb_line_break_holder] --><!-- [et_pb_line_break_holder] --><!-- [et_pb_line_break_holder] --><!-- [et_pb_line_break_holder] --><a href=\"https:\/\/www.linkedin.com\/company\/mi\u00f1ana-beltran\/\" target=\"_blank\" rel=\"noopener noreferrer\"><img loading=\"eager\" src=\"\/wp-content\/uploads\/2020\/11\/redes-linkedin.png\" width=\"60\" height=\"60\" alt=\"Redes Linkedin\" class=\"wp-image-3179 size-full\" style=\"float: left; margin: 0.5em;\"><\/a><!-- [et_pb_line_break_holder] --><!-- [et_pb_line_break_holder] --><!-- [et_pb_line_break_holder] --><!-- [et_pb_line_break_holder] --><\/div>\n<p>[\/et_pb_code][\/et_pb_column][\/et_pb_row][et_pb_row _builder_version=\u00bb4.6.5&#8243; _module_preset=\u00bbdefault\u00bb][et_pb_column type=\u00bb4_4&#8243; _builder_version=\u00bb4.6.5&#8243; _module_preset=\u00bbdefault\u00bb][et_pb_divider module_class=\u00bbseparadorminyana\u00bb _builder_version=\u00bb4.6.5&#8243; _module_preset=\u00bbdefault\u00bb][\/et_pb_divider][\/et_pb_column][\/et_pb_row][et_pb_row _builder_version=\u00bb4.6.6&#8243; _module_preset=\u00bbdefault\u00bb][et_pb_column type=\u00bb4_4&#8243; _builder_version=\u00bb4.6.6&#8243; _module_preset=\u00bbdefault\u00bb][et_pb_text module_class=\u00bbfondotitulos\u00bb _builder_version=\u00bb4.6.6&#8243; _module_preset=\u00bbdefault\u00bb]<\/p>\n<h2 style=\"text-align: center;\">Localizaci\u00f3n<\/h2>\n<p>[\/et_pb_text][\/et_pb_column][\/et_pb_row][et_pb_row column_structure=\u00bb1_4,1_4,1_4,1_4&#8243; _builder_version=\u00bb4.6.6&#8243; _module_preset=\u00bbdefault\u00bb max_width=\u00bb80%\u00bb][et_pb_column type=\u00bb1_4&#8243; _builder_version=\u00bb4.6.6&#8243; _module_preset=\u00bbdefault\u00bb][et_pb_text _builder_version=\u00bb4.6.6&#8243; _module_preset=\u00bbdefault\u00bb header_3_font=\u00bb|700|||||||\u00bb header_3_text_color=\u00bb#edab6e\u00bb]<\/p>\n<h3>VALENCIA<\/h3>\n<p>Avenida Reino de Valencia, 15-5<br \/>\n46005 Valencia, Espa\u00f1a<\/p>\n<p><a href=\"mailto:administracion@minyanabeltran.com\">administracion@minyanabeltran.com<\/a><\/p>\n<p>Tel: +34 961 513 122[\/et_pb_text][\/et_pb_column][et_pb_column type=\u00bb1_4&#8243; _builder_version=\u00bb4.6.6&#8243; _module_preset=\u00bbdefault\u00bb][et_pb_code _builder_version=\u00bb4.6.6&#8243; _module_preset=\u00bbdefault\u00bb]<iframe loading=\"lazy\" src=\"https:\/\/www.google.com\/maps\/embed?pb=!1m18!1m12!1m3!1d3080.2091289440536!2d-0.37330188463281155!3d39.46460397948715!2m3!1f0!2f0!3f0!3m2!1i1024!2i768!4f13.1!3m3!1m2!1s0xd605017f47f6125%3A0xd820ad1df0a9d112!2sMi%C3%B1ana%20Beltran%20Economistas%20Abogados!5e0!3m2!1ses!2ses!4v1605523635612!5m2!1ses!2ses\" width=\"100%\" height=\"350\" frameborder=\"0\" style=\"border:0;\" allowfullscreen=\"\" aria-hidden=\"false\" tabindex=\"0\"><\/iframe>[\/et_pb_code][\/et_pb_column][et_pb_column type=\u00bb1_4&#8243; _builder_version=\u00bb4.6.6&#8243; _module_preset=\u00bbdefault\u00bb][et_pb_text _builder_version=\u00bb4.6.6&#8243; _module_preset=\u00bbdefault\u00bb header_3_font=\u00bb|700|||||||\u00bb header_3_text_color=\u00bb#edab6e\u00bb]<\/p>\n<h3>MADRID<\/h3>\n<p>Calle Maldonado, 31<br \/>\n28006 Madrid, Espa\u00f1a[\/et_pb_text][\/et_pb_column][et_pb_column type=\u00bb1_4&#8243; _builder_version=\u00bb4.6.6&#8243; _module_preset=\u00bbdefault\u00bb][et_pb_code _builder_version=\u00bb4.6.6&#8243; _module_preset=\u00bbdefault\u00bb]<iframe loading=\"lazy\" src=\"https:\/\/www.google.com\/maps\/embed?pb=!1m18!1m12!1m3!1d3036.865178221576!2d-3.683627684603554!3d40.433984179363186!2m3!1f0!2f0!3f0!3m2!1i1024!2i768!4f13.1!3m3!1m2!1s0xd4228c00a61180d%3A0x95c6de9017670e2b!2sCalle%20de%20Maldonado%2C%2031%2C%2028006%20Madrid!5e0!3m2!1ses!2ses!4v1605523704897!5m2!1ses!2ses\" width=\"100%\" height=\"350\" frameborder=\"0\" style=\"border:0;\" allowfullscreen=\"\" aria-hidden=\"false\" tabindex=\"0\"><\/iframe>[\/et_pb_code][\/et_pb_column][\/et_pb_row][et_pb_row column_structure=\u00bb1_4,1_4,1_4,1_4&#8243; _builder_version=\u00bb4.6.6&#8243; _module_preset=\u00bbdefault\u00bb max_width=\u00bb80%\u00bb][et_pb_column type=\u00bb1_4&#8243; _builder_version=\u00bb4.6.6&#8243; _module_preset=\u00bbdefault\u00bb][et_pb_text _builder_version=\u00bb4.6.6&#8243; _module_preset=\u00bbdefault\u00bb header_3_font=\u00bb|700|||||||\u00bb header_3_text_color=\u00bb#edab6e\u00bb]<\/p>\n<h3>ZARAGOZA<\/h3>\n<p>Paseo Mar\u00eda Agust\u00edn, 25<br \/>\n50004 Zaragoza, Espa\u00f1a[\/et_pb_text][\/et_pb_column][et_pb_column type=\u00bb1_4&#8243; _builder_version=\u00bb4.6.6&#8243; _module_preset=\u00bbdefault\u00bb][et_pb_code _builder_version=\u00bb4.6.6&#8243; _module_preset=\u00bbdefault\u00bb]<iframe loading=\"lazy\" src=\"https:\/\/www.google.com\/maps\/embed?pb=!1m18!1m12!1m3!1d2981.229750524938!2d-0.8922596845660017!3d41.65077777924086!2m3!1f0!2f0!3f0!3m2!1i1024!2i768!4f13.1!3m3!1m2!1s0xd5914c3bd37222d%3A0xd3e65ddd38bf2c22!2sPaseo%20Mar%C3%ADa%20Agust%C3%ADn%2C%2025%2C%2050004%20Zaragoza!5e0!3m2!1ses!2ses!4v1605523816702!5m2!1ses!2ses\" width=\"100%\" height=\"350\" frameborder=\"0\" style=\"border:0;\" allowfullscreen=\"\" aria-hidden=\"false\" tabindex=\"0\"><\/iframe>[\/et_pb_code][\/et_pb_column][et_pb_column type=\u00bb1_4&#8243; _builder_version=\u00bb4.6.6&#8243; _module_preset=\u00bbdefault\u00bb][et_pb_text _builder_version=\u00bb4.6.6&#8243; _module_preset=\u00bbdefault\u00bb header_3_font=\u00bb|700|||||||\u00bb header_3_text_color=\u00bb#edab6e\u00bb]<\/p>\n<h3>ALMER\u00cdA<\/h3>\n<p>Calle Angel Ochotorena, 4 \u2013 3\u00ba Izq.<br \/>\n04005 Almer\u00eda, Espa\u00f1a[\/et_pb_text][\/et_pb_column][et_pb_column type=\u00bb1_4&#8243; _builder_version=\u00bb4.6.6&#8243; _module_preset=\u00bbdefault\u00bb][et_pb_code _builder_version=\u00bb4.6.6&#8243; _module_preset=\u00bbdefault\u00bb]<iframe loading=\"lazy\" src=\"https:\/\/www.google.com\/maps\/embed?pb=!1m14!1m8!1m3!1d6385.9997537325735!2d-2.454214!3d36.842479!3m2!1i1024!2i768!4f13.1!3m3!1m2!1s0xd7a9dfdf36ea067%3A0x9bf801a36aa9341a!2sCalle%20%C3%81ngel%20Ochotorena%2C%204%2C%2004005%20Almer%C3%ADa!5e0!3m2!1ses!2ses!4v1605523839927!5m2!1ses!2ses\" width=\"100%\" height=\"350\" frameborder=\"0\" style=\"border:0;\" allowfullscreen=\"\" aria-hidden=\"false\" tabindex=\"0\"><\/iframe>[\/et_pb_code][\/et_pb_column][\/et_pb_row][\/et_pb_section]<\/p>\n","protected":false},"excerpt":{"rendered":"<p>VALENCIA \/ MADRID \/ ZARAGOZA \/ ALMER\u00cdAContactoDespacho\uff1a+34 961 513 122 M\u00f3vil y Whatsapp\uff1a+34 678 847 233 Email\uff1a china-desk@minyanabeltran.com WeChat\uff1aMBEA33 Website\uff1aminyanabeltran.comLocalizaci\u00f3nVALENCIA Avenida Reino de Valencia, 15-5 46005 Valencia, Espa\u00f1a administracion@minyanabeltran.com Tel: +34 961 513 122MADRID Calle Maldonado, 31 28006 Madrid, Espa\u00f1aZARAGOZA Paseo Mar\u00eda Agust\u00edn, 25 50004 Zaragoza, Espa\u00f1aALMER\u00cdA Calle Angel Ochotorena, 4 \u2013 3\u00ba Izq. 04005 [&hellip;]<\/p>\n","protected":false},"author":1,"featured_media":0,"parent":0,"menu_order":0,"comment_status":"closed","ping_status":"closed","template":"","meta":{"_et_pb_use_builder":"on","_et_pb_old_content":"","_et_gb_content_width":""},"yoast_head":"<!-- This site is optimized with the Yoast SEO plugin v17.5 - https:\/\/yoast.com\/wordpress\/plugins\/seo\/ -->\n<title>Contacto - Mi\u00f1ana Beltr\u00e1n DIY<\/title>\n<meta name=\"description\" content=\"A su disposici\u00f3n diferentes contactos en Valencia, Almer\u00eda, Madrid y Zaragoza para atenderle. Estaremos encantados de resolver todas las dudas que tenga.\" \/>\n<meta name=\"robots\" content=\"index, follow, max-snippet:-1, max-image-preview:large, max-video-preview:-1\" \/>\n<link rel=\"canonical\" href=\"https:\/\/mbgoldvisaspain.com\/es\/contacto\/\" \/>\n<meta property=\"og:locale\" content=\"es_ES\" \/>\n<meta property=\"og:type\" content=\"article\" \/>\n<meta property=\"og:title\" content=\"Contacto - Mi\u00f1ana Beltr\u00e1n DIY\" \/>\n<meta property=\"og:description\" content=\"A su disposici\u00f3n diferentes contactos en Valencia, Almer\u00eda, Madrid y Zaragoza para atenderle. Estaremos encantados de resolver todas las dudas que tenga.\" \/>\n<meta property=\"og:url\" content=\"https:\/\/mbgoldvisaspain.com\/es\/contacto\/\" \/>\n<meta property=\"og:site_name\" content=\"Mi\u00f1ana Beltr\u00e1n DIY\" \/>\n<meta property=\"article:modified_time\" content=\"2021-02-01T10:55:24+00:00\" \/>\n<meta property=\"og:image\" content=\"https:\/\/mbgoldvisaspain.com\/wp-content\/uploads\/2020\/11\/redes-linkedin.png\" \/>\n<meta name=\"twitter:card\" content=\"summary_large_image\" \/>\n<meta name=\"twitter:label1\" content=\"Tiempo de lectura\" \/>\n\t<meta name=\"twitter:data1\" content=\"4 minutos\" \/>\n<script type=\"application\/ld+json\" class=\"yoast-schema-graph\">{\"@context\":\"https:\/\/schema.org\",\"@graph\":[{\"@type\":\"WebSite\",\"@id\":\"https:\/\/mbgoldvisaspain.com\/#website\",\"url\":\"https:\/\/mbgoldvisaspain.com\/\",\"name\":\"Mi\\u00f1ana Beltr\\u00e1n DIY\",\"description\":\"\\u897f\\u73ed\\u7259\\u654f\\u96c5\\u5a1cDIY\\u6d77\\u5916\\u7f6e\\u4e1a\\u54a8\\u8be2\\u516c\\u53f8\",\"potentialAction\":[{\"@type\":\"SearchAction\",\"target\":{\"@type\":\"EntryPoint\",\"urlTemplate\":\"https:\/\/mbgoldvisaspain.com\/?s={search_term_string}\"},\"query-input\":\"required name=search_term_string\"}],\"inLanguage\":\"es\"},{\"@type\":\"ImageObject\",\"@id\":\"https:\/\/mbgoldvisaspain.com\/es\/contacto\/#primaryimage\",\"inLanguage\":\"es\",\"url\":\"\/wp-content\/uploads\/2020\/11\/redes-linkedin.png\",\"contentUrl\":\"\/wp-content\/uploads\/2020\/11\/redes-linkedin.png\"},{\"@type\":\"WebPage\",\"@id\":\"https:\/\/mbgoldvisaspain.com\/es\/contacto\/#webpage\",\"url\":\"https:\/\/mbgoldvisaspain.com\/es\/contacto\/\",\"name\":\"Contacto - Mi\\u00f1ana Beltr\\u00e1n DIY\",\"isPartOf\":{\"@id\":\"https:\/\/mbgoldvisaspain.com\/#website\"},\"primaryImageOfPage\":{\"@id\":\"https:\/\/mbgoldvisaspain.com\/es\/contacto\/#primaryimage\"},\"datePublished\":\"2020-12-14T12:28:09+00:00\",\"dateModified\":\"2021-02-01T10:55:24+00:00\",\"description\":\"A su disposici\\u00f3n diferentes contactos en Valencia, Almer\\u00eda, Madrid y Zaragoza para atenderle. Estaremos encantados de resolver todas las dudas que tenga.\",\"breadcrumb\":{\"@id\":\"https:\/\/mbgoldvisaspain.com\/es\/contacto\/#breadcrumb\"},\"inLanguage\":\"es\",\"potentialAction\":[{\"@type\":\"ReadAction\",\"target\":[\"https:\/\/mbgoldvisaspain.com\/es\/contacto\/\"]}]},{\"@type\":\"BreadcrumbList\",\"@id\":\"https:\/\/mbgoldvisaspain.com\/es\/contacto\/#breadcrumb\",\"itemListElement\":[{\"@type\":\"ListItem\",\"position\":1,\"name\":\"\\u9996\\u9801\",\"item\":\"https:\/\/mbgoldvisaspain.com\/es\/\"},{\"@type\":\"ListItem\",\"position\":2,\"name\":\"Contacto\"}]}]}<\/script>\n<!-- \/ Yoast SEO plugin. -->","yoast_head_json":{"title":"Contacto - Mi\u00f1ana Beltr\u00e1n DIY","description":"A su disposici\u00f3n diferentes contactos en Valencia, Almer\u00eda, Madrid y Zaragoza para atenderle. Estaremos encantados de resolver todas las dudas que tenga.","robots":{"index":"index","follow":"follow","max-snippet":"max-snippet:-1","max-image-preview":"max-image-preview:large","max-video-preview":"max-video-preview:-1"},"canonical":"https:\/\/mbgoldvisaspain.com\/es\/contacto\/","og_locale":"es_ES","og_type":"article","og_title":"Contacto - Mi\u00f1ana Beltr\u00e1n DIY","og_description":"A su disposici\u00f3n diferentes contactos en Valencia, Almer\u00eda, Madrid y Zaragoza para atenderle. Estaremos encantados de resolver todas las dudas que tenga.","og_url":"https:\/\/mbgoldvisaspain.com\/es\/contacto\/","og_site_name":"Mi\u00f1ana Beltr\u00e1n DIY","article_modified_time":"2021-02-01T10:55:24+00:00","og_image":[{"url":"https:\/\/mbgoldvisaspain.com\/wp-content\/uploads\/2020\/11\/redes-linkedin.png"}],"twitter_card":"summary_large_image","twitter_misc":{"Tiempo de lectura":"4 minutos"},"schema":{"@context":"https:\/\/schema.org","@graph":[{"@type":"WebSite","@id":"https:\/\/mbgoldvisaspain.com\/#website","url":"https:\/\/mbgoldvisaspain.com\/","name":"Mi\u00f1ana Beltr\u00e1n DIY","description":"\u897f\u73ed\u7259\u654f\u96c5\u5a1cDIY\u6d77\u5916\u7f6e\u4e1a\u54a8\u8be2\u516c\u53f8","potentialAction":[{"@type":"SearchAction","target":{"@type":"EntryPoint","urlTemplate":"https:\/\/mbgoldvisaspain.com\/?s={search_term_string}"},"query-input":"required name=search_term_string"}],"inLanguage":"es"},{"@type":"ImageObject","@id":"https:\/\/mbgoldvisaspain.com\/es\/contacto\/#primaryimage","inLanguage":"es","url":"\/wp-content\/uploads\/2020\/11\/redes-linkedin.png","contentUrl":"\/wp-content\/uploads\/2020\/11\/redes-linkedin.png"},{"@type":"WebPage","@id":"https:\/\/mbgoldvisaspain.com\/es\/contacto\/#webpage","url":"https:\/\/mbgoldvisaspain.com\/es\/contacto\/","name":"Contacto - Mi\u00f1ana Beltr\u00e1n DIY","isPartOf":{"@id":"https:\/\/mbgoldvisaspain.com\/#website"},"primaryImageOfPage":{"@id":"https:\/\/mbgoldvisaspain.com\/es\/contacto\/#primaryimage"},"datePublished":"2020-12-14T12:28:09+00:00","dateModified":"2021-02-01T10:55:24+00:00","description":"A su disposici\u00f3n diferentes contactos en Valencia, Almer\u00eda, Madrid y Zaragoza para atenderle. Estaremos encantados de resolver todas las dudas que tenga.","breadcrumb":{"@id":"https:\/\/mbgoldvisaspain.com\/es\/contacto\/#breadcrumb"},"inLanguage":"es","potentialAction":[{"@type":"ReadAction","target":["https:\/\/mbgoldvisaspain.com\/es\/contacto\/"]}]},{"@type":"BreadcrumbList","@id":"https:\/\/mbgoldvisaspain.com\/es\/contacto\/#breadcrumb","itemListElement":[{"@type":"ListItem","position":1,"name":"\u9996\u9801","item":"https:\/\/mbgoldvisaspain.com\/es\/"},{"@type":"ListItem","position":2,"name":"Contacto"}]}]}},"_links":{"self":[{"href":"https:\/\/mbgoldvisaspain.com\/es\/wp-json\/wp\/v2\/pages\/675"}],"collection":[{"href":"https:\/\/mbgoldvisaspain.com\/es\/wp-json\/wp\/v2\/pages"}],"about":[{"href":"https:\/\/mbgoldvisaspain.com\/es\/wp-json\/wp\/v2\/types\/page"}],"author":[{"embeddable":true,"href":"https:\/\/mbgoldvisaspain.com\/es\/wp-json\/wp\/v2\/users\/1"}],"replies":[{"embeddable":true,"href":"https:\/\/mbgoldvisaspain.com\/es\/wp-json\/wp\/v2\/comments?post=675"}],"version-history":[{"count":3,"href":"https:\/\/mbgoldvisaspain.com\/es\/wp-json\/wp\/v2\/pages\/675\/revisions"}],"predecessor-version":[{"id":764,"href":"https:\/\/mbgoldvisaspain.com\/es\/wp-json\/wp\/v2\/pages\/675\/revisions\/764"}],"wp:attachment":[{"href":"https:\/\/mbgoldvisaspain.com\/es\/wp-json\/wp\/v2\/media?parent=675"}],"curies":[{"name":"wp","href":"https:\/\/api.w.org\/{rel}","templated":true}]}}