{"id":661,"date":"2020-12-14T11:42:35","date_gmt":"2020-12-14T11:42:35","guid":{"rendered":"https:\/\/mbgoldvisaspain.com\/?page_id=661"},"modified":"2020-12-14T13:45:54","modified_gmt":"2020-12-14T13:45:54","slug":"china-desk","status":"publish","type":"page","link":"https:\/\/mbgoldvisaspain.com\/es\/china-desk\/","title":{"rendered":"China Desk"},"content":{"rendered":"<p>[et_pb_section fb_built=\u00bb1&#8243; admin_label=\u00bbPopup &#8211; #undefined\u00bb _builder_version=\u00bb4.6.6&#8243; _module_preset=\u00bbdefault\u00bb background_image=\u00bbhttps:\/\/mbgoldvisaspain.com\/wp-content\/uploads\/2020\/10\/invertir-en-espanya.jpg\u00bb top_divider_flip=\u00bbvertical\u00bb bottom_divider_style=\u00bbcurve\u00bb bottom_divider_color=\u00bb#ffffff\u00bb bottom_divider_height=\u00bb2vw\u00bb animation_style=\u00bbfade\u00bb da_disable_devices=\u00bboff|off|off\u00bb locked=\u00bboff\u00bb da_is_popup=\u00bboff\u00bb da_exit_intent=\u00bboff\u00bb da_has_close=\u00bbon\u00bb da_alt_close=\u00bboff\u00bb da_dark_close=\u00bboff\u00bb da_not_modal=\u00bbon\u00bb da_is_singular=\u00bboff\u00bb da_with_loader=\u00bboff\u00bb da_has_shadow=\u00bbon\u00bb][et_pb_row _builder_version=\u00bb4.6.5&#8243; _module_preset=\u00bbdefault\u00bb custom_margin=\u00bb3vw||3vw||true|false\u00bb custom_margin_tablet=\u00bb\u00bb custom_margin_phone=\u00bb\u00bb custom_margin_last_edited=\u00bbon|phone\u00bb][et_pb_column type=\u00bb4_4&#8243; _builder_version=\u00bb4.6.5&#8243; _module_preset=\u00bbdefault\u00bb][et_pb_text _builder_version=\u00bb4.6.6&#8243; _module_preset=\u00bbdefault\u00bb]<\/p>\n<h3 style=\"text-align: center;\">Desarrollo de empresas entre China y Espa\u00f1a<\/h3>\n<p>[\/et_pb_text][\/et_pb_column][\/et_pb_row][\/et_pb_section][et_pb_section fb_built=\u00bb1&#8243; _builder_version=\u00bb4.6.5&#8243; _module_preset=\u00bbdefault\u00bb background_color=\u00bbrgba(0,0,0,0)\u00bb custom_margin=\u00bb-5vw||||false|false\u00bb custom_margin_tablet=\u00bb-11vw||||false|false\u00bb custom_margin_phone=\u00bb-16vw||||false|false\u00bb custom_margin_last_edited=\u00bbon|desktop\u00bb custom_padding=\u00bb||0px||false|false\u00bb da_disable_devices=\u00bboff|off|off\u00bb locked=\u00bboff\u00bb da_is_popup=\u00bboff\u00bb da_exit_intent=\u00bboff\u00bb da_has_close=\u00bbon\u00bb da_alt_close=\u00bboff\u00bb da_dark_close=\u00bboff\u00bb da_not_modal=\u00bbon\u00bb da_is_singular=\u00bboff\u00bb da_with_loader=\u00bboff\u00bb da_has_shadow=\u00bbon\u00bb][et_pb_row _builder_version=\u00bb4.6.5&#8243; _module_preset=\u00bbdefault\u00bb background_color=\u00bb#FFFFFF\u00bb custom_padding=\u00bb0px|2vw|0px|2vw|false|true\u00bb custom_css_main_element=\u00bbz-index:2;\u00bb border_radii=\u00bbon|5px|5px|5px|5px\u00bb box_shadow_style=\u00bbpreset2&#8243; box_shadow_horizontal=\u00bb0px\u00bb box_shadow_vertical=\u00bb2px\u00bb box_shadow_blur=\u00bb7px\u00bb][et_pb_column type=\u00bb4_4&#8243; _builder_version=\u00bb4.6.5&#8243; _module_preset=\u00bbdefault\u00bb][et_pb_text _builder_version=\u00bb4.6.6&#8243; _module_preset=\u00bbdefault\u00bb custom_margin=\u00bb1vw||1vw||true|false\u00bb]<\/p>\n<h1 style=\"text-align: center;\">CHINA DESK<\/h1>\n<p>[\/et_pb_text][\/et_pb_column][\/et_pb_row][et_pb_row _builder_version=\u00bb4.6.5&#8243; _module_preset=\u00bbdefault\u00bb][et_pb_column type=\u00bb4_4&#8243; _builder_version=\u00bb4.6.5&#8243; _module_preset=\u00bbdefault\u00bb][et_pb_text _builder_version=\u00bb4.6.6&#8243; _module_preset=\u00bbdefault\u00bb hover_enabled=\u00bb0&#8243; sticky_enabled=\u00bb0&#8243;]Nuestro China Desk brinda asesoramiento en distintas disciplinas y \u00e1reas jur\u00eddicas que facilitan y potencian el desarrollo de las empresas espa\u00f1olas en China, y ofrece tambi\u00e9n asesoramiento a aquellas empresas chinas que tengan inter\u00e9s en establecerse y operar en Europa.<\/p>\n<p>El China Desk de nuestro despacho cuenta con oficinas tanto en China como en Espa\u00f1a en distintas ubicaciones, para contactar:<\/p>\n<p>Despacho\uff1a+34 961 513 122<br \/>\nM\u00f3vil y Whatsapp\uff1a+34 678 847 233<br \/>\nEmail\uff1a <a href=\"mailto:china-desk@minyanabeltran.com\">china-desk@minyanabeltran.com<\/a><br \/>\nWeChat\uff1aMBEA33<br \/>\nWebsite\uff1a<a href=\"https:\/\/minyanabeltran.com\" title=\"P\u00e1gina corporativa despacho abogados Mi\u00f1ana Beltr\u00e1n\">minyanabeltran.com<\/a><\/p>\n<p>Mi\u00f1ana Beltran tiene eminentemente un enfoque pr\u00e1ctico y realista en la implantaci\u00f3n de las empresas espa\u00f1olas en el mercado asi\u00e1tico. Este enfoque es fruto de una larga experiencia y del hecho de contar con profesionales chinos tanto en Espa\u00f1a como en el mercado local. En definitiva, hablamos su mismo idioma y conocemos la cultura e idiosincrasia empresarial del pa\u00eds.<\/p>\n<p style=\"text-align: center;\"><strong>Los servicios que ofrece nuestro China Desk se engloban en dos direcciones:<\/strong><\/p>\n<p>[\/et_pb_text][\/et_pb_column][\/et_pb_row][et_pb_row column_structure=\u00bb1_2,1_2&#8243; _builder_version=\u00bb4.6.6&#8243; _module_preset=\u00bbdefault\u00bb][et_pb_column type=\u00bb1_2&#8243; _builder_version=\u00bb4.6.6&#8243; _module_preset=\u00bbdefault\u00bb][et_pb_text _builder_version=\u00bb4.6.6&#8243; _module_preset=\u00bbdefault\u00bb]<\/p>\n<h3>Empresas chinas interesadas en el mercado espa\u00f1ol<\/h3>\n<ul>\n<li>Creaci\u00f3n o adquisici\u00f3n de sociedades o empresas.<\/li>\n<li>B\u00fasqueda de proyectos de inversi\u00f3n.<\/li>\n<li>Colaboraci\u00f3n en Joint Ventures.<\/li>\n<li>Asesoramiento en la obtenci\u00f3n de la autorizaci\u00f3n de residencia y\/o trabajo. Especialistas en \u201cVisado de inversores\u201d (Golden Visa) y residencias no lucrativas. Informaci\u00f3n en Chino disponible en nuestra web <a href=\"http:\/\/www.mbgoldvisaspain.com\">www.mbgoldvisaspain.com<\/a>.<\/li>\n<li>Asesoramiento en materia de expatriados, impatriados y apoyo en la selecci\u00f3n de personal.<\/li>\n<li>Servicios fiscales, legales y laborales.<\/li>\n<\/ul>\n<p>[\/et_pb_text][\/et_pb_column][et_pb_column type=\u00bb1_2&#8243; _builder_version=\u00bb4.6.6&#8243; _module_preset=\u00bbdefault\u00bb][et_pb_text _builder_version=\u00bb4.6.6&#8243; _module_preset=\u00bbdefault\u00bb]<\/p>\n<h3>Empresas espa\u00f1olas interesadas en el mercado chino<\/h3>\n<ul>\n<li>Establecimiento y creaci\u00f3n de empresas en China.<\/li>\n<li>Adquisici\u00f3n de empresas en China.<\/li>\n<li>Desarrollo de franquicias en China.<\/li>\n<li>Posicionamiento en el mercado chino. En este punto, y englobado en nuestra cartera de servicios digitales, desarrollamos la imagen digital de las empresas en el mercado Chino. Ofrecemos servicios de creaci\u00f3n de p\u00e1gina web corporativa acorde a los est\u00e1ndares, usos y costumbres Chinos, as\u00ed como la gesti\u00f3n del alta en distintos buscadores Chinos (Baidu, 360 y sogou) y el marketing digital en estas plataformas.<\/li>\n<li>Apoyo y asesoramiento para el desarrollo de estrategias de comercializaci\u00f3n de productos y servicios en el mercado asi\u00e1tico.<\/li>\n<li>Asesoramiento y selecci\u00f3n de proveedores y fabricantes locales para comprar o fabricar en China.<br \/>Negociaci\u00f3n con agentes distribuidores, proveedores, clientes y empleados.<\/li>\n<li>Establecimiento de Joint Ventures, alianzas estrat\u00e9gicas o comerciales.<\/li>\n<li>B\u00fasqueda de socios y negociaci\u00f3n con ellos.<\/li>\n<li>Asesoramiento fiscal, legal y laboral.<\/li>\n<li>Gesti\u00f3n y asesoramiento en recuperaci\u00f3n de impagos.<\/li>\n<li>Gesti\u00f3n de estafas y fraudes.<\/li>\n<li>Revisi\u00f3n y redacci\u00f3n de contratos.<\/li>\n<\/ul>\n<p>[\/et_pb_text][\/et_pb_column][\/et_pb_row][et_pb_row _builder_version=\u00bb4.6.5&#8243; _module_preset=\u00bbdefault\u00bb][et_pb_column type=\u00bb4_4&#8243; _builder_version=\u00bb4.6.5&#8243; _module_preset=\u00bbdefault\u00bb][et_pb_divider module_class=\u00bbseparadorminyana\u00bb _builder_version=\u00bb4.6.5&#8243; _module_preset=\u00bbdefault\u00bb][\/et_pb_divider][\/et_pb_column][\/et_pb_row][\/et_pb_section]<\/p>\n","protected":false},"excerpt":{"rendered":"<p>Desarrollo de empresas entre China y Espa\u00f1aCHINA DESKNuestro China Desk brinda asesoramiento en distintas disciplinas y \u00e1reas jur\u00eddicas que facilitan y potencian el desarrollo de las empresas espa\u00f1olas en China, y ofrece tambi\u00e9n asesoramiento a aquellas empresas chinas que tengan inter\u00e9s en establecerse y operar en Europa. El China Desk de nuestro despacho cuenta con [&hellip;]<\/p>\n","protected":false},"author":1,"featured_media":0,"parent":0,"menu_order":0,"comment_status":"closed","ping_status":"closed","template":"","meta":{"_et_pb_use_builder":"on","_et_pb_old_content":"","_et_gb_content_width":""},"yoast_head":"<!-- This site is optimized with the Yoast SEO plugin v17.5 - https:\/\/yoast.com\/wordpress\/plugins\/seo\/ -->\n<title>China Desk - Mi\u00f1ana Beltr\u00e1n DIY<\/title>\n<meta name=\"description\" content=\"\u00bfInteresado en hacer negocios en Espa\u00f1a? Descubre China Desk. Asesoramiento desde Valencia para empresas Espa\u00f1olas y Chinas.\" \/>\n<meta name=\"robots\" content=\"index, follow, max-snippet:-1, max-image-preview:large, max-video-preview:-1\" \/>\n<link rel=\"canonical\" href=\"https:\/\/mbgoldvisaspain.com\/es\/china-desk\/\" \/>\n<meta property=\"og:locale\" content=\"es_ES\" \/>\n<meta property=\"og:type\" content=\"article\" \/>\n<meta property=\"og:title\" content=\"China Desk - Mi\u00f1ana Beltr\u00e1n DIY\" \/>\n<meta property=\"og:description\" content=\"\u00bfInteresado en hacer negocios en Espa\u00f1a? Descubre China Desk. Asesoramiento desde Valencia para empresas Espa\u00f1olas y Chinas.\" \/>\n<meta property=\"og:url\" content=\"https:\/\/mbgoldvisaspain.com\/es\/china-desk\/\" \/>\n<meta property=\"og:site_name\" content=\"Mi\u00f1ana Beltr\u00e1n DIY\" \/>\n<meta property=\"article:modified_time\" content=\"2020-12-14T13:45:54+00:00\" \/>\n<meta name=\"twitter:card\" content=\"summary_large_image\" \/>\n<meta name=\"twitter:label1\" content=\"Tiempo de lectura\" \/>\n\t<meta name=\"twitter:data1\" content=\"4 minutos\" \/>\n<script type=\"application\/ld+json\" class=\"yoast-schema-graph\">{\"@context\":\"https:\/\/schema.org\",\"@graph\":[{\"@type\":\"WebSite\",\"@id\":\"https:\/\/mbgoldvisaspain.com\/#website\",\"url\":\"https:\/\/mbgoldvisaspain.com\/\",\"name\":\"Mi\\u00f1ana Beltr\\u00e1n DIY\",\"description\":\"\\u897f\\u73ed\\u7259\\u654f\\u96c5\\u5a1cDIY\\u6d77\\u5916\\u7f6e\\u4e1a\\u54a8\\u8be2\\u516c\\u53f8\",\"potentialAction\":[{\"@type\":\"SearchAction\",\"target\":{\"@type\":\"EntryPoint\",\"urlTemplate\":\"https:\/\/mbgoldvisaspain.com\/?s={search_term_string}\"},\"query-input\":\"required name=search_term_string\"}],\"inLanguage\":\"es\"},{\"@type\":\"WebPage\",\"@id\":\"https:\/\/mbgoldvisaspain.com\/es\/china-desk\/#webpage\",\"url\":\"https:\/\/mbgoldvisaspain.com\/es\/china-desk\/\",\"name\":\"China Desk - Mi\\u00f1ana Beltr\\u00e1n DIY\",\"isPartOf\":{\"@id\":\"https:\/\/mbgoldvisaspain.com\/#website\"},\"datePublished\":\"2020-12-14T11:42:35+00:00\",\"dateModified\":\"2020-12-14T13:45:54+00:00\",\"description\":\"\\u00bfInteresado en hacer negocios en Espa\\u00f1a? Descubre China Desk. Asesoramiento desde Valencia para empresas Espa\\u00f1olas y Chinas.\",\"breadcrumb\":{\"@id\":\"https:\/\/mbgoldvisaspain.com\/es\/china-desk\/#breadcrumb\"},\"inLanguage\":\"es\",\"potentialAction\":[{\"@type\":\"ReadAction\",\"target\":[\"https:\/\/mbgoldvisaspain.com\/es\/china-desk\/\"]}]},{\"@type\":\"BreadcrumbList\",\"@id\":\"https:\/\/mbgoldvisaspain.com\/es\/china-desk\/#breadcrumb\",\"itemListElement\":[{\"@type\":\"ListItem\",\"position\":1,\"name\":\"\\u9996\\u9801\",\"item\":\"https:\/\/mbgoldvisaspain.com\/es\/\"},{\"@type\":\"ListItem\",\"position\":2,\"name\":\"China Desk\"}]}]}<\/script>\n<!-- \/ Yoast SEO plugin. -->","yoast_head_json":{"title":"China Desk - Mi\u00f1ana Beltr\u00e1n DIY","description":"\u00bfInteresado en hacer negocios en Espa\u00f1a? Descubre China Desk. Asesoramiento desde Valencia para empresas Espa\u00f1olas y Chinas.","robots":{"index":"index","follow":"follow","max-snippet":"max-snippet:-1","max-image-preview":"max-image-preview:large","max-video-preview":"max-video-preview:-1"},"canonical":"https:\/\/mbgoldvisaspain.com\/es\/china-desk\/","og_locale":"es_ES","og_type":"article","og_title":"China Desk - Mi\u00f1ana Beltr\u00e1n DIY","og_description":"\u00bfInteresado en hacer negocios en Espa\u00f1a? Descubre China Desk. Asesoramiento desde Valencia para empresas Espa\u00f1olas y Chinas.","og_url":"https:\/\/mbgoldvisaspain.com\/es\/china-desk\/","og_site_name":"Mi\u00f1ana Beltr\u00e1n DIY","article_modified_time":"2020-12-14T13:45:54+00:00","twitter_card":"summary_large_image","twitter_misc":{"Tiempo de lectura":"4 minutos"},"schema":{"@context":"https:\/\/schema.org","@graph":[{"@type":"WebSite","@id":"https:\/\/mbgoldvisaspain.com\/#website","url":"https:\/\/mbgoldvisaspain.com\/","name":"Mi\u00f1ana Beltr\u00e1n DIY","description":"\u897f\u73ed\u7259\u654f\u96c5\u5a1cDIY\u6d77\u5916\u7f6e\u4e1a\u54a8\u8be2\u516c\u53f8","potentialAction":[{"@type":"SearchAction","target":{"@type":"EntryPoint","urlTemplate":"https:\/\/mbgoldvisaspain.com\/?s={search_term_string}"},"query-input":"required name=search_term_string"}],"inLanguage":"es"},{"@type":"WebPage","@id":"https:\/\/mbgoldvisaspain.com\/es\/china-desk\/#webpage","url":"https:\/\/mbgoldvisaspain.com\/es\/china-desk\/","name":"China Desk - Mi\u00f1ana Beltr\u00e1n DIY","isPartOf":{"@id":"https:\/\/mbgoldvisaspain.com\/#website"},"datePublished":"2020-12-14T11:42:35+00:00","dateModified":"2020-12-14T13:45:54+00:00","description":"\u00bfInteresado en hacer negocios en Espa\u00f1a? Descubre China Desk. Asesoramiento desde Valencia para empresas Espa\u00f1olas y Chinas.","breadcrumb":{"@id":"https:\/\/mbgoldvisaspain.com\/es\/china-desk\/#breadcrumb"},"inLanguage":"es","potentialAction":[{"@type":"ReadAction","target":["https:\/\/mbgoldvisaspain.com\/es\/china-desk\/"]}]},{"@type":"BreadcrumbList","@id":"https:\/\/mbgoldvisaspain.com\/es\/china-desk\/#breadcrumb","itemListElement":[{"@type":"ListItem","position":1,"name":"\u9996\u9801","item":"https:\/\/mbgoldvisaspain.com\/es\/"},{"@type":"ListItem","position":2,"name":"China Desk"}]}]}},"_links":{"self":[{"href":"https:\/\/mbgoldvisaspain.com\/es\/wp-json\/wp\/v2\/pages\/661"}],"collection":[{"href":"https:\/\/mbgoldvisaspain.com\/es\/wp-json\/wp\/v2\/pages"}],"about":[{"href":"https:\/\/mbgoldvisaspain.com\/es\/wp-json\/wp\/v2\/types\/page"}],"author":[{"embeddable":true,"href":"https:\/\/mbgoldvisaspain.com\/es\/wp-json\/wp\/v2\/users\/1"}],"replies":[{"embeddable":true,"href":"https:\/\/mbgoldvisaspain.com\/es\/wp-json\/wp\/v2\/comments?post=661"}],"version-history":[{"count":3,"href":"https:\/\/mbgoldvisaspain.com\/es\/wp-json\/wp\/v2\/pages\/661\/revisions"}],"predecessor-version":[{"id":679,"href":"https:\/\/mbgoldvisaspain.com\/es\/wp-json\/wp\/v2\/pages\/661\/revisions\/679"}],"wp:attachment":[{"href":"https:\/\/mbgoldvisaspain.com\/es\/wp-json\/wp\/v2\/media?parent=661"}],"curies":[{"name":"wp","href":"https:\/\/api.w.org\/{rel}","templated":true}]}}