{"id":465,"date":"2020-11-16T19:42:40","date_gmt":"2020-11-16T19:42:40","guid":{"rendered":"https:\/\/mbgoldvisaspain.com\/dev\/?page_id=465"},"modified":"2020-11-26T12:22:12","modified_gmt":"2020-11-26T12:22:12","slug":"barcelona","status":"publish","type":"page","link":"https:\/\/mbgoldvisaspain.com\/en\/barcelona\/","title":{"rendered":"Barcelona"},"content":{"rendered":"\n[et_pb_section fb_built=&#8221;1&#8243; _builder_version=&#8221;4.6.5&#8243; _module_preset=&#8221;default&#8221; background_image=&#8221;https:\/\/mbgoldvisaspain.com\/wp-content\/uploads\/2020\/11\/invertir-en-barcelona.jpg&#8221; top_divider_flip=&#8221;vertical&#8221; bottom_divider_style=&#8221;curve&#8221; bottom_divider_color=&#8221;#ffffff&#8221; bottom_divider_height=&#8221;2vw&#8221; bottom_divider_repeat=&#8221;0x&#8221; animation_style=&#8221;fade&#8221; da_disable_devices=&#8221;off|off|off&#8221; locked=&#8221;off&#8221; da_is_popup=&#8221;off&#8221; da_exit_intent=&#8221;off&#8221; da_has_close=&#8221;on&#8221; da_alt_close=&#8221;off&#8221; da_dark_close=&#8221;off&#8221; da_not_modal=&#8221;on&#8221; da_is_singular=&#8221;off&#8221; da_with_loader=&#8221;off&#8221; da_has_shadow=&#8221;on&#8221;][et_pb_row _builder_version=&#8221;4.6.5&#8243; _module_preset=&#8221;default&#8221; custom_margin=&#8221;3vw||3vw||true|false&#8221; custom_margin_tablet=&#8221;&#8221; custom_margin_phone=&#8221;&#8221; custom_margin_last_edited=&#8221;on|phone&#8221;][et_pb_column type=&#8221;4_4&#8243; _builder_version=&#8221;4.6.5&#8243; _module_preset=&#8221;default&#8221;][et_pb_text _builder_version=&#8221;4.6.5&#8243; _module_preset=&#8221;default&#8221;]<h3 style=\"text-align: center;\">BARCELONA, SPAIN<\/h3>[\/et_pb_text][\/et_pb_column][\/et_pb_row][\/et_pb_section][et_pb_section fb_built=&#8221;1&#8243; _builder_version=&#8221;4.6.5&#8243; _module_preset=&#8221;default&#8221; background_color=&#8221;rgba(0,0,0,0)&#8221; custom_margin=&#8221;-5vw||||false|false&#8221; custom_margin_tablet=&#8221;-11vw||||false|false&#8221; custom_margin_phone=&#8221;-16vw||||false|false&#8221; custom_margin_last_edited=&#8221;on|desktop&#8221; custom_padding=&#8221;||0px||false|false&#8221; da_disable_devices=&#8221;off|off|off&#8221; locked=&#8221;off&#8221; da_is_popup=&#8221;off&#8221; da_exit_intent=&#8221;off&#8221; da_has_close=&#8221;on&#8221; da_alt_close=&#8221;off&#8221; da_dark_close=&#8221;off&#8221; da_not_modal=&#8221;on&#8221; da_is_singular=&#8221;off&#8221; da_with_loader=&#8221;off&#8221; da_has_shadow=&#8221;on&#8221;][et_pb_row _builder_version=&#8221;4.6.5&#8243; _module_preset=&#8221;default&#8221; background_color=&#8221;#FFFFFF&#8221; custom_padding=&#8221;0px|2vw|0px|2vw|false|true&#8221; custom_css_main_element=&#8221;z-index:2;&#8221; border_radii=&#8221;on|5px|5px|5px|5px&#8221; box_shadow_style=&#8221;preset2&#8243; box_shadow_horizontal=&#8221;0px&#8221; box_shadow_vertical=&#8221;2px&#8221; box_shadow_blur=&#8221;7px&#8221;][et_pb_column type=&#8221;4_4&#8243; _builder_version=&#8221;4.6.5&#8243; _module_preset=&#8221;default&#8221;][et_pb_text _builder_version=&#8221;4.6.6&#8243; _module_preset=&#8221;default&#8221; custom_margin=&#8221;1vw||1vw||true|false&#8221; hover_enabled=&#8221;0&#8243; sticky_enabled=&#8221;0&#8243;]<h1 style=\"text-align: center;\">Spanish cities<\/h1>[\/et_pb_text][\/et_pb_column][\/et_pb_row][et_pb_row column_structure=&#8221;1_4,3_4&#8243; _builder_version=&#8221;4.6.5&#8243; _module_preset=&#8221;default&#8221;][et_pb_column type=&#8221;1_4&#8243; _builder_version=&#8221;4.6.5&#8243; _module_preset=&#8221;default&#8221;][et_pb_image src=&#8221;https:\/\/mbgoldvisaspain.com\/wp-content\/uploads\/2020\/11\/ubicacion-mapa-barcelona.png&#8221; alt=&#8221;Ubicaci\u00f3n Barcelona&#8221; title_text=&#8221;Ubicaci\u00f3n Barcelona&#8221; _builder_version=&#8221;4.6.5&#8243; _module_preset=&#8221;default&#8221; custom_margin=&#8221;||-1px||false|false&#8221;][\/et_pb_image][et_pb_text _builder_version=&#8221;4.6.6&#8243; _module_preset=&#8221;default&#8221; text_font=&#8221;|700|||||||&#8221; text_text_color=&#8221;#adb6a1&#8243; custom_padding=&#8221;1em|1em|1em|1em|true|true&#8221; border_width_right=&#8221;1px&#8221; border_color_right=&#8221;#ededed&#8221; border_width_bottom=&#8221;1px&#8221; border_color_bottom=&#8221;#ededed&#8221; border_width_left=&#8221;1px&#8221; border_color_left=&#8221;#ededed&#8221; box_shadow_style=&#8221;preset3&#8243; box_shadow_vertical=&#8221;5px&#8221; box_shadow_blur=&#8221;11px&#8221; box_shadow_spread=&#8221;-7px&#8221;]<p>BARCELONA<\/p>\n<p>101,35 km\u00b2<\/p>\n<p>1.636.762 hab. (2019)<\/p>\n<p>barcelona.cat<\/p>[\/et_pb_text][\/et_pb_column][et_pb_column type=&#8221;3_4&#8243; _builder_version=&#8221;4.6.5&#8243; _module_preset=&#8221;default&#8221;][et_pb_text _builder_version=&#8221;4.6.6&#8243; _module_preset=&#8221;default&#8221; custom_padding=&#8221;0px|||||&#8221; hover_enabled=&#8221;0&#8243; sticky_enabled=&#8221;0&#8243;]<p style=\"text-align: justify;\">Barcelona is a city on the coast of northeastern Spain. It is the capital and largest city of the autonomous community of Catalonia, as well as the second most populous municipality of Spain. With a population of 1.6 million within city limits, its urban area extends to numerous neighbouring municipalities within the Province of Barcelona and is home to around 4.8 million people, making it the fifth most populous urban area in the European Union after Paris, the Ruhr area, Madrid, and Milan.\u00a0 It is one of the largest metropolises on the Mediterranean Sea, located on the coast between the mouths of the rivers Llobregat and Bes\u00f2s, and bounded to the west by the Serra de Collserola mountain range, the tallest peak of which is 512 metres (1,680 feet) high.<\/p>\n<p style=\"text-align: justify;\">Founded as a Roman city, in the Middle Ages Barcelona became the capital of the County of Barcelona. After merging with the Kingdom of Aragon, Barcelona continued to be an important city in the Crown of Aragon as an economic and administrative centre of this Crown and the capital of the Principality of Catalonia. Barcelona has a rich cultural heritage and is today an important cultural centre and a major tourist destination. Particularly renowned are the architectural works of Antoni Gaud\u00ed and Llu\u00eds Dom\u00e8nech i Montaner, which have been designated UNESCO World Heritage Sites. Since 1450, it is home to the University of Barcelona, widely considered the most prestigious university in Spain. The headquarters of the Union for the Mediterranean are located in Barcelona. The city is known for hosting the 1992 Summer Olympics as well as world-class conferences and expositions and also many international sport tournaments.<\/p>\n<p style=\"text-align: justify;\">Barcelona is a major cultural, economic, and financial centre in southwestern Europe, as well as the main biotech hub in Spain. As a leading world city, Barcelona&#8217;s influence in global socio-economic affairs qualifies it for global city status (Beta +).<\/p>\n<p style=\"text-align: justify;\">Barcelona is a transport hub, with the Port of Barcelona being one of Europe&#8217;s principal seaports and busiest European passenger port, an international airport, Barcelona\u2013El Prat Airport, which handles over 50 million passengers per year, an extensive motorway network, and a high-speed rail line with a link to France and the rest of Europe.<\/p>\n[\/et_pb_text][\/et_pb_column][\/et_pb_row][et_pb_row _builder_version=&#8221;4.6.5&#8243; _module_preset=&#8221;default&#8221;][et_pb_column type=&#8221;4_4&#8243; _builder_version=&#8221;4.6.5&#8243; _module_preset=&#8221;default&#8221;][et_pb_divider module_class=&#8221;separadorminyana&#8221; _builder_version=&#8221;4.6.5&#8243; _module_preset=&#8221;default&#8221;][\/et_pb_divider][\/et_pb_column][\/et_pb_row][\/et_pb_section][et_pb_section fb_built=&#8221;1&#8243; _builder_version=&#8221;4.6.6&#8243; _module_preset=&#8221;default&#8221; custom_margin=&#8221;||2em||false|false&#8221; da_disable_devices=&#8221;off|off|off&#8221; da_is_popup=&#8221;off&#8221; da_exit_intent=&#8221;off&#8221; da_has_close=&#8221;on&#8221; da_alt_close=&#8221;off&#8221; da_dark_close=&#8221;off&#8221; da_not_modal=&#8221;on&#8221; da_is_singular=&#8221;off&#8221; da_with_loader=&#8221;off&#8221; da_has_shadow=&#8221;on&#8221;][et_pb_row column_structure=&#8221;1_4,1_4,1_4,1_4&#8243; use_custom_gutter=&#8221;on&#8221; _builder_version=&#8221;4.6.5&#8243; _module_preset=&#8221;default&#8221; width=&#8221;90%&#8221; max_width=&#8221;90%&#8221;][et_pb_column type=&#8221;1_4&#8243; _builder_version=&#8221;4.6.5&#8243; _module_preset=&#8221;default&#8221;][et_pb_image src=&#8221;https:\/\/mbgoldvisaspain.com\/wp-content\/uploads\/2020\/11\/parque-guell-barcelona.jpg&#8221; alt=&#8221;Parque G\u00fcell, Barcelona&#8221; title_text=&#8221;Parque G\u00fcell, Barcelona&#8221; show_in_lightbox=&#8221;on&#8221; use_overlay=&#8221;on&#8221; show_bottom_space=&#8221;off&#8221; module_class=&#8221;imagengaleria&#8221; _builder_version=&#8221;4.6.6&#8243; _module_preset=&#8221;default&#8221; custom_margin=&#8221;||0px||false|false&#8221;][\/et_pb_image][\/et_pb_column][et_pb_column type=&#8221;1_4&#8243; _builder_version=&#8221;4.6.5&#8243; _module_preset=&#8221;default&#8221;][et_pb_image src=&#8221;https:\/\/mbgoldvisaspain.com\/wp-content\/uploads\/2020\/11\/casa-mila-barcelona.jpg&#8221; alt=&#8221;Casa Mil\u00e1 Barcelona&#8221; title_text=&#8221;Casa Mil\u00e1 Barcelona&#8221; show_in_lightbox=&#8221;on&#8221; use_overlay=&#8221;on&#8221; show_bottom_space=&#8221;off&#8221; module_class=&#8221;imagengaleria&#8221; _builder_version=&#8221;4.6.6&#8243; _module_preset=&#8221;default&#8221; custom_margin=&#8221;||0px||false|false&#8221;][\/et_pb_image][et_pb_text _builder_version=&#8221;4.6.5&#8243; _module_preset=&#8221;default&#8221; text_font=&#8221;|300|||||||&#8221; text_font_size=&#8221;11px&#8221;]<span>From Wikimedia Commons&nbsp;<\/span><a href=\"https:\/\/commons.wikimedia.org\/wiki\/User:Stefan_Fadinger\" target=\"_blank\" rel=\"noopener noreferrer\">@Stefan_Fadinger<\/a>[\/et_pb_text][\/et_pb_column][et_pb_column type=&#8221;1_4&#8243; _builder_version=&#8221;4.6.5&#8243; _module_preset=&#8221;default&#8221;][et_pb_image src=&#8221;https:\/\/mbgoldvisaspain.com\/wp-content\/uploads\/2020\/11\/hotel-w-barcelona.jpg&#8221; alt=&#8221;Hotel W Barcelona&#8221; title_text=&#8221;Hotel W Barcelona&#8221; show_in_lightbox=&#8221;on&#8221; use_overlay=&#8221;on&#8221; show_bottom_space=&#8221;off&#8221; module_class=&#8221;imagengaleria&#8221; _builder_version=&#8221;4.6.6&#8243; _module_preset=&#8221;default&#8221; custom_margin=&#8221;||0px||false|false&#8221;][\/et_pb_image][et_pb_text _builder_version=&#8221;4.6.5&#8243; _module_preset=&#8221;default&#8221; text_font=&#8221;|300|||||||&#8221; text_font_size=&#8221;11px&#8221;]<span>From Wikimedia Commons&nbsp;<\/span><a href=\"https:\/\/commons.wikimedia.org\/wiki\/User:Canaan\" target=\"_blank\" rel=\"noopener noreferrer\">@Canaan<\/a>[\/et_pb_text][\/et_pb_column][et_pb_column type=&#8221;1_4&#8243; _builder_version=&#8221;4.6.5&#8243; _module_preset=&#8221;default&#8221;][et_pb_image src=&#8221;https:\/\/mbgoldvisaspain.com\/wp-content\/uploads\/2020\/11\/puerto-de-barcelona.jpg&#8221; alt=&#8221;Puerto de Barcelona&#8221; title_text=&#8221;Puerto de Barcelona&#8221; show_in_lightbox=&#8221;on&#8221; use_overlay=&#8221;on&#8221; show_bottom_space=&#8221;off&#8221; module_class=&#8221;imagengaleria&#8221; _builder_version=&#8221;4.6.6&#8243; _module_preset=&#8221;default&#8221; custom_margin=&#8221;||0px||false|false&#8221;][\/et_pb_image][et_pb_text _builder_version=&#8221;4.6.5&#8243; _module_preset=&#8221;default&#8221; text_font=&#8221;|300|||||||&#8221; text_font_size=&#8221;11px&#8221;]<span>From Wikimedia Commons&nbsp;<\/span><a href=\"https:\/\/commons.wikimedia.org\/wiki\/User:%D0%9C%D0%B0%D1%80%D0%B0%D1%82%D0%94\" target=\"_blank\" rel=\"noopener noreferrer\">@\u041c\u0430\u0440\u0430\u0442\u0414<\/a>[\/et_pb_text][\/et_pb_column][\/et_pb_row][\/et_pb_section]\n","protected":false},"excerpt":{"rendered":"<p>BARCELONA, SPAINSpanish citiesBARCELONA 101,35 km\u00b2 1.636.762 hab. (2019) barcelona.catBarcelona is a city on the coast of northeastern Spain. It is the capital and largest city of the autonomous community of Catalonia, as well as the second most populous municipality of Spain. With a population of 1.6 million within city limits, its urban area extends to [&hellip;]<\/p>\n","protected":false},"author":1,"featured_media":0,"parent":0,"menu_order":0,"comment_status":"closed","ping_status":"closed","template":"","meta":{"_et_pb_use_builder":"on","_et_pb_old_content":"","_et_gb_content_width":""},"yoast_head":"<!-- This site is optimized with the Yoast SEO plugin v17.5 - https:\/\/yoast.com\/wordpress\/plugins\/seo\/ -->\n<title>Barcelona - Mi\u00f1ana Beltr\u00e1n DIY<\/title>\n<meta name=\"description\" content=\"Spanish Real Estate investment. Cities of interest to invest in Spain, Barcelona.\" \/>\n<meta name=\"robots\" content=\"index, follow, max-snippet:-1, max-image-preview:large, max-video-preview:-1\" \/>\n<link rel=\"canonical\" href=\"https:\/\/mbgoldvisaspain.com\/en\/barcelona\/\" \/>\n<meta property=\"og:locale\" content=\"en_US\" \/>\n<meta property=\"og:type\" content=\"article\" \/>\n<meta property=\"og:title\" content=\"Barcelona - Mi\u00f1ana Beltr\u00e1n DIY\" \/>\n<meta property=\"og:description\" content=\"Spanish Real Estate investment. Cities of interest to invest in Spain, Barcelona.\" \/>\n<meta property=\"og:url\" content=\"https:\/\/mbgoldvisaspain.com\/en\/barcelona\/\" \/>\n<meta property=\"og:site_name\" content=\"Mi\u00f1ana Beltr\u00e1n DIY\" \/>\n<meta property=\"article:modified_time\" content=\"2020-11-26T12:22:12+00:00\" \/>\n<meta name=\"twitter:card\" content=\"summary_large_image\" \/>\n<meta name=\"twitter:label1\" content=\"Est. reading time\" \/>\n\t<meta name=\"twitter:data1\" content=\"6 minutes\" \/>\n<script type=\"application\/ld+json\" class=\"yoast-schema-graph\">{\"@context\":\"https:\/\/schema.org\",\"@graph\":[{\"@type\":\"WebSite\",\"@id\":\"https:\/\/mbgoldvisaspain.com\/#website\",\"url\":\"https:\/\/mbgoldvisaspain.com\/\",\"name\":\"Mi\\u00f1ana Beltr\\u00e1n DIY\",\"description\":\"\\u897f\\u73ed\\u7259\\u654f\\u96c5\\u5a1cDIY\\u6d77\\u5916\\u7f6e\\u4e1a\\u54a8\\u8be2\\u516c\\u53f8\",\"potentialAction\":[{\"@type\":\"SearchAction\",\"target\":{\"@type\":\"EntryPoint\",\"urlTemplate\":\"https:\/\/mbgoldvisaspain.com\/?s={search_term_string}\"},\"query-input\":\"required name=search_term_string\"}],\"inLanguage\":\"en-US\"},{\"@type\":\"WebPage\",\"@id\":\"https:\/\/mbgoldvisaspain.com\/en\/barcelona\/#webpage\",\"url\":\"https:\/\/mbgoldvisaspain.com\/en\/barcelona\/\",\"name\":\"Barcelona - Mi\\u00f1ana Beltr\\u00e1n DIY\",\"isPartOf\":{\"@id\":\"https:\/\/mbgoldvisaspain.com\/#website\"},\"datePublished\":\"2020-11-16T19:42:40+00:00\",\"dateModified\":\"2020-11-26T12:22:12+00:00\",\"description\":\"Spanish Real Estate investment. Cities of interest to invest in Spain, Barcelona.\",\"breadcrumb\":{\"@id\":\"https:\/\/mbgoldvisaspain.com\/en\/barcelona\/#breadcrumb\"},\"inLanguage\":\"en-US\",\"potentialAction\":[{\"@type\":\"ReadAction\",\"target\":[\"https:\/\/mbgoldvisaspain.com\/en\/barcelona\/\"]}]},{\"@type\":\"BreadcrumbList\",\"@id\":\"https:\/\/mbgoldvisaspain.com\/en\/barcelona\/#breadcrumb\",\"itemListElement\":[{\"@type\":\"ListItem\",\"position\":1,\"name\":\"\\u9996\\u9801\",\"item\":\"https:\/\/mbgoldvisaspain.com\/en\/\"},{\"@type\":\"ListItem\",\"position\":2,\"name\":\"Barcelona\"}]}]}<\/script>\n<!-- \/ Yoast SEO plugin. -->","yoast_head_json":{"title":"Barcelona - Mi\u00f1ana Beltr\u00e1n DIY","description":"Spanish Real Estate investment. Cities of interest to invest in Spain, Barcelona.","robots":{"index":"index","follow":"follow","max-snippet":"max-snippet:-1","max-image-preview":"max-image-preview:large","max-video-preview":"max-video-preview:-1"},"canonical":"https:\/\/mbgoldvisaspain.com\/en\/barcelona\/","og_locale":"en_US","og_type":"article","og_title":"Barcelona - Mi\u00f1ana Beltr\u00e1n DIY","og_description":"Spanish Real Estate investment. Cities of interest to invest in Spain, Barcelona.","og_url":"https:\/\/mbgoldvisaspain.com\/en\/barcelona\/","og_site_name":"Mi\u00f1ana Beltr\u00e1n DIY","article_modified_time":"2020-11-26T12:22:12+00:00","twitter_card":"summary_large_image","twitter_misc":{"Est. reading time":"6 minutes"},"schema":{"@context":"https:\/\/schema.org","@graph":[{"@type":"WebSite","@id":"https:\/\/mbgoldvisaspain.com\/#website","url":"https:\/\/mbgoldvisaspain.com\/","name":"Mi\u00f1ana Beltr\u00e1n DIY","description":"\u897f\u73ed\u7259\u654f\u96c5\u5a1cDIY\u6d77\u5916\u7f6e\u4e1a\u54a8\u8be2\u516c\u53f8","potentialAction":[{"@type":"SearchAction","target":{"@type":"EntryPoint","urlTemplate":"https:\/\/mbgoldvisaspain.com\/?s={search_term_string}"},"query-input":"required name=search_term_string"}],"inLanguage":"en-US"},{"@type":"WebPage","@id":"https:\/\/mbgoldvisaspain.com\/en\/barcelona\/#webpage","url":"https:\/\/mbgoldvisaspain.com\/en\/barcelona\/","name":"Barcelona - Mi\u00f1ana Beltr\u00e1n DIY","isPartOf":{"@id":"https:\/\/mbgoldvisaspain.com\/#website"},"datePublished":"2020-11-16T19:42:40+00:00","dateModified":"2020-11-26T12:22:12+00:00","description":"Spanish Real Estate investment. Cities of interest to invest in Spain, Barcelona.","breadcrumb":{"@id":"https:\/\/mbgoldvisaspain.com\/en\/barcelona\/#breadcrumb"},"inLanguage":"en-US","potentialAction":[{"@type":"ReadAction","target":["https:\/\/mbgoldvisaspain.com\/en\/barcelona\/"]}]},{"@type":"BreadcrumbList","@id":"https:\/\/mbgoldvisaspain.com\/en\/barcelona\/#breadcrumb","itemListElement":[{"@type":"ListItem","position":1,"name":"\u9996\u9801","item":"https:\/\/mbgoldvisaspain.com\/en\/"},{"@type":"ListItem","position":2,"name":"Barcelona"}]}]}},"_links":{"self":[{"href":"https:\/\/mbgoldvisaspain.com\/en\/wp-json\/wp\/v2\/pages\/465"}],"collection":[{"href":"https:\/\/mbgoldvisaspain.com\/en\/wp-json\/wp\/v2\/pages"}],"about":[{"href":"https:\/\/mbgoldvisaspain.com\/en\/wp-json\/wp\/v2\/types\/page"}],"author":[{"embeddable":true,"href":"https:\/\/mbgoldvisaspain.com\/en\/wp-json\/wp\/v2\/users\/1"}],"replies":[{"embeddable":true,"href":"https:\/\/mbgoldvisaspain.com\/en\/wp-json\/wp\/v2\/comments?post=465"}],"version-history":[{"count":5,"href":"https:\/\/mbgoldvisaspain.com\/en\/wp-json\/wp\/v2\/pages\/465\/revisions"}],"predecessor-version":[{"id":610,"href":"https:\/\/mbgoldvisaspain.com\/en\/wp-json\/wp\/v2\/pages\/465\/revisions\/610"}],"wp:attachment":[{"href":"https:\/\/mbgoldvisaspain.com\/en\/wp-json\/wp\/v2\/media?parent=465"}],"curies":[{"name":"wp","href":"https:\/\/api.w.org\/{rel}","templated":true}]}}